{"id":1472,"date":"2023-12-05T13:17:05","date_gmt":"2023-12-05T12:17:05","guid":{"rendered":"https:\/\/uj.fotoreklam.hu\/termek\/k06-vilagito-akkumulatoros-fal\/"},"modified":"2023-12-05T14:43:00","modified_gmt":"2023-12-05T13:43:00","slug":"k06-vilagito-akkumulatoros-fal","status":"publish","type":"product","link":"https:\/\/fotoreklam.hu\/en\/product\/k06-vilagito-akkumulatoros-fal\/","title":{"rendered":"K06 Vil\u00e1g\u00edt\u00f3 akkumul\u00e1toros fal"},"content":{"rendered":"<p>A lightbox alapj\u00e1ban elhelyezett akkumul\u00e1tor nem csak a t\u00e1pk\u00e1bel \u00e9s annak elrejt\u00e9s\u00e9nek probl\u00e9m\u00e1j\u00e1t sz\u00fcnteti meg, nem vet \u00e1rny\u00e9kot a grafik\u00e1ra, hanem jav\u00edtja a term\u00e9k stabilit\u00e1s\u00e1t is. Az akkumul\u00e1tor alj\u00e1n elhelyezett kerekek megk\u00f6nny\u00edtik a vil\u00e1g\u00edt\u00f3doboz mozgat\u00e1s\u00e1t, ha sz\u00fcks\u00e9ges.\u00a0Forradalmi \u00e9s egyedi megvil\u00e1g\u00edtott rekl\u00e1mf\u00e9nydoboz, amely m\u00e9g a legig\u00e9nyesebb v\u00e1s\u00e1rl\u00f3kat is meg\u00f6rvendezteti.\u00a0Tart\u00f3s \u00e9s rendk\u00edv\u00fcl hat\u00e9kony LED vil\u00e1g\u00edt\u00e1s v\u00e9kony, de massz\u00edv keretbe csomagolva, a legjobb min\u0151s\u00e9g\u0171 alum\u00edniumb\u00f3l.\u00a0Vil\u00e1g\u00edt\u00f3dobozunk \u00f6sszeszerel\u00e9s\u00e9hez nincs sz\u00fcks\u00e9g szersz\u00e1mra, \u00e9s a be\u00e9p\u00edtett akkumul\u00e1tornak k\u00f6sz\u00f6nhet\u0151en k\u00fcls\u0151 \u00e1ramforr\u00e1s n\u00e9lk\u00fcl is ak\u00e1r 14 \u00f3r\u00e1nyi \u00fczemid\u0151 \u00e1ll a rendelkez\u00e9s\u00fcnkre.\u00a0A szem\u00e9lyre szabottan megrendelt nyomataid pedig gyorsan \u00e9s egyszer\u0171en cser\u00e9lhet\u0151ek.<\/p>\n<h4>M\u00e9retek \u00e9s s\u00faly:<\/h4>\n<p>Vil\u00e1g\u00edt\u00f3doboz sz\u00e9less\u00e9ge: 85 cm<br \/>\nMagass\u00e1ga: 200 cm<br \/>\nAz alap magass\u00e1ga 5 cm<br \/>\nA teljes magass\u00e1g 205 cm<br \/>\nS\u00falya: 30 kg<\/p>","protected":false},"excerpt":{"rendered":"<p>A lightbox alapj\u00e1ban elhelyezett akkumul\u00e1tor nem csak a t\u00e1pk\u00e1bel \u00e9s annak elrejt\u00e9s\u00e9nek probl\u00e9m\u00e1j\u00e1t sz\u00fcnteti meg, nem vet \u00e1rny\u00e9kot a grafik\u00e1ra, hanem jav\u00edtja a term\u00e9k stabilit\u00e1s\u00e1t is. Az akkumul\u00e1tor alj\u00e1n elhelyezett kerekek megk\u00f6nny\u00edtik a vil\u00e1g\u00edt\u00f3doboz mozgat\u00e1s\u00e1t, ha sz\u00fcks\u00e9ges.\u00a0Forradalmi \u00e9s egyedi megvil\u00e1g\u00edtott rekl\u00e1mf\u00e9nydoboz, amely m\u00e9g a legig\u00e9nyesebb v\u00e1s\u00e1rl\u00f3kat is meg\u00f6rvendezteti.\u00a0Tart\u00f3s \u00e9s rendk\u00edv\u00fcl hat\u00e9kony LED vil\u00e1g\u00edt\u00e1s v\u00e9kony, de massz\u00edv keretbe csomagolva, a legjobb min\u0151s\u00e9g\u0171 alum\u00edniumb\u00f3l.\u00a0Vil\u00e1g\u00edt\u00f3dobozunk \u00f6sszeszerel\u00e9s\u00e9hez nincs sz\u00fcks\u00e9g szersz\u00e1mra, \u00e9s a be\u00e9p\u00edtett akkumul\u00e1tornak k\u00f6sz\u00f6nhet\u0151en k\u00fcls\u0151 \u00e1ramforr\u00e1s n\u00e9lk\u00fcl is ak\u00e1r 14 \u00f3r\u00e1nyi \u00fczemid\u0151 \u00e1ll a rendelkez\u00e9s\u00fcnkre.\u00a0A szem\u00e9lyre szabottan megrendelt nyomataid pedig gyorsan \u00e9s egyszer\u0171en cser\u00e9lhet\u0151ek.<\/p>\n<h4><a href=\"https:\/\/fotoreklam.hu\/wp-content\/uploads\/teritekrajz\/v24kapu.pdf\">Download a layout<\/a><\/h4>","protected":false},"featured_media":1339,"comment_status":"closed","ping_status":"closed","template":"","meta":{"inline_featured_image":false,"site-sidebar-layout":"default","site-content-layout":"","ast-site-content-layout":"default","site-content-style":"default","site-sidebar-style":"default","ast-global-header-display":"","ast-banner-title-visibility":"","ast-main-header-display":"","ast-hfb-above-header-display":"","ast-hfb-below-header-display":"","ast-hfb-mobile-header-display":"","site-post-title":"","ast-breadcrumbs-content":"","ast-featured-img":"","footer-sml-layout":"","ast-disable-related-posts":"","theme-transparent-header-meta":"default","adv-header-id-meta":"","stick-header-meta":"default","header-above-stick-meta":"","header-main-stick-meta":"","header-below-stick-meta":"","astra-migrate-meta-layouts":"set","ast-page-background-enabled":"default","ast-page-background-meta":{"desktop":{"background-color":"var(--ast-global-color-4)","background-image":"","background-repeat":"repeat","background-position":"center center","background-size":"auto","background-attachment":"scroll","background-type":"","background-media":"","overlay-type":"","overlay-color":"","overlay-opacity":"","overlay-gradient":""},"tablet":{"background-color":"","background-image":"","background-repeat":"repeat","background-position":"center center","background-size":"auto","background-attachment":"scroll","background-type":"","background-media":"","overlay-type":"","overlay-color":"","overlay-opacity":"","overlay-gradient":""},"mobile":{"background-color":"","background-image":"","background-repeat":"repeat","background-position":"center center","background-size":"auto","background-attachment":"scroll","background-type":"","background-media":"","overlay-type":"","overlay-color":"","overlay-opacity":"","overlay-gradient":""}},"ast-content-background-meta":{"desktop":{"background-color":"var(--ast-global-color-5)","background-image":"","background-repeat":"repeat","background-position":"center center","background-size":"auto","background-attachment":"scroll","background-type":"","background-media":"","overlay-type":"","overlay-color":"","overlay-opacity":"","overlay-gradient":""},"tablet":{"background-color":"var(--ast-global-color-5)","background-image":"","background-repeat":"repeat","background-position":"center center","background-size":"auto","background-attachment":"scroll","background-type":"","background-media":"","overlay-type":"","overlay-color":"","overlay-opacity":"","overlay-gradient":""},"mobile":{"background-color":"var(--ast-global-color-5)","background-image":"","background-repeat":"repeat","background-position":"center center","background-size":"auto","background-attachment":"scroll","background-type":"","background-media":"","overlay-type":"","overlay-color":"","overlay-opacity":"","overlay-gradient":""}}},"product_brand":[],"product_cat":[31],"product_tag":[],"class_list":{"0":"post-1472","1":"product","2":"type-product","3":"status-publish","4":"has-post-thumbnail","6":"product_cat-led-vilagitasu-falak","7":"desktop-align-center","8":"tablet-align-left","9":"mobile-align-left","11":"first","12":"instock","13":"shipping-taxable","14":"product-type-simple"},"_links":{"self":[{"href":"https:\/\/fotoreklam.hu\/en\/wp-json\/wp\/v2\/product\/1472","targetHints":{"allow":["GET"]}}],"collection":[{"href":"https:\/\/fotoreklam.hu\/en\/wp-json\/wp\/v2\/product"}],"about":[{"href":"https:\/\/fotoreklam.hu\/en\/wp-json\/wp\/v2\/types\/product"}],"replies":[{"embeddable":true,"href":"https:\/\/fotoreklam.hu\/en\/wp-json\/wp\/v2\/comments?post=1472"}],"wp:featuredmedia":[{"embeddable":true,"href":"https:\/\/fotoreklam.hu\/en\/wp-json\/wp\/v2\/media\/1339"}],"wp:attachment":[{"href":"https:\/\/fotoreklam.hu\/en\/wp-json\/wp\/v2\/media?parent=1472"}],"wp:term":[{"taxonomy":"product_brand","embeddable":true,"href":"https:\/\/fotoreklam.hu\/en\/wp-json\/wp\/v2\/product_brand?post=1472"},{"taxonomy":"product_cat","embeddable":true,"href":"https:\/\/fotoreklam.hu\/en\/wp-json\/wp\/v2\/product_cat?post=1472"},{"taxonomy":"product_tag","embeddable":true,"href":"https:\/\/fotoreklam.hu\/en\/wp-json\/wp\/v2\/product_tag?post=1472"}],"curies":[{"name":"wp","href":"https:\/\/api.w.org\/{rel}","templated":true}]}}