{"id":1458,"date":"2023-12-05T13:17:03","date_gmt":"2023-12-05T12:17:03","guid":{"rendered":"https:\/\/uj.fotoreklam.hu\/termek\/b01-fotel\/"},"modified":"2023-12-05T13:17:03","modified_gmt":"2023-12-05T12:17:03","slug":"b01-fotel","status":"publish","type":"product","link":"https:\/\/fotoreklam.hu\/en\/product\/b01-fotel\/","title":{"rendered":"B01 fotel"},"content":{"rendered":"<div class=\"collapsible-body\">\n<p><span lang=\"hu-HU\">Az FVF fotelek olyan \u00fcl\u0151helyek sorozata, melyeket k\u00fcl\u00f6nb\u00f6z\u0151 m\u00f3don kombin\u00e1lhatunk \u00f6sszetett kanap\u00e9k k\u00e9sz\u00edt\u00e9s\u00e9hez. Az \u00fcl\u00e9s k\u00f6nny\u0171 poliuret\u00e1n habb\u00f3l k\u00e9sz\u00fcl, maxim\u00e1lis k\u00e9nyelmet biztos\u00edtva \u00e9s kiv\u00e1l\u00f3 min\u0151s\u00e9g\u0171 textilanyaggal van bevonva, amely b\u00e1rmilyen grafikai kivitelez\u00e9ssel szublim\u00e1ci\u00f3s m\u00f3dszerrel megnyomtathat\u00f3. A kanap\u00e9 nagyszer\u0171 eszk\u00f6z olyan marketinges tev\u00e9kenys\u00e9gek t\u00e1mogat\u00e1s\u00e1ra, amelyek nagyobb vizu\u00e1lis \u00fczenetet ig\u00e9nyelnek. Ez egy rendk\u00edv\u00fcl hat\u00e9kony hirdet\u00e9si fel\u00fclet, amely t\u00f6k\u00e9letes a ki\u00e1ll\u00edt\u00e1sokra, prom\u00f3ci\u00f3kra \u00e9s bemutat\u00f3kra.<\/span><\/p>\n<p><strong>Available sizes:<\/strong><\/p>\n<p>sz\u00e9less\u00e9g: 80\/130 cm<\/p>\n<p>magass\u00e1g: 75 cm<\/p>\n<p>m\u00e9lys\u00e9g: 95 cm<\/p>\n<p><strong>Raw materials:\u00a0<\/strong><\/p>\n<p>poliuret\u00e1n hab<\/p>\n<p>aluminum, polyester<\/p>\n<\/div>","protected":false},"excerpt":{"rendered":"<p><a href=\"\/wp-content\/uploads\/teritekrajz\/b01fotel.pdf\" target=\"_blank\" rel=\"noopener\">[md_icon style=&#8221;outlined&#8221; icon=&#8221;md-picture_as_pdf&#8221;]<strong>Ter\u00edt\u00e9krajz let\u00f6lt\u00e9se <\/strong><\/a><\/p>\n","protected":false},"featured_media":1367,"comment_status":"closed","ping_status":"closed","template":"","meta":{"inline_featured_image":false,"site-sidebar-layout":"default","site-content-layout":"","ast-site-content-layout":"default","site-content-style":"default","site-sidebar-style":"default","ast-global-header-display":"","ast-banner-title-visibility":"","ast-main-header-display":"","ast-hfb-above-header-display":"","ast-hfb-below-header-display":"","ast-hfb-mobile-header-display":"","site-post-title":"","ast-breadcrumbs-content":"","ast-featured-img":"","footer-sml-layout":"","ast-disable-related-posts":"","theme-transparent-header-meta":"","adv-header-id-meta":"","stick-header-meta":"","header-above-stick-meta":"","header-main-stick-meta":"","header-below-stick-meta":"","astra-migrate-meta-layouts":"default","ast-page-background-enabled":"default","ast-page-background-meta":{"desktop":{"background-color":"var(--ast-global-color-4)","background-image":"","background-repeat":"repeat","background-position":"center center","background-size":"auto","background-attachment":"scroll","background-type":"","background-media":"","overlay-type":"","overlay-color":"","overlay-opacity":"","overlay-gradient":""},"tablet":{"background-color":"","background-image":"","background-repeat":"repeat","background-position":"center center","background-size":"auto","background-attachment":"scroll","background-type":"","background-media":"","overlay-type":"","overlay-color":"","overlay-opacity":"","overlay-gradient":""},"mobile":{"background-color":"","background-image":"","background-repeat":"repeat","background-position":"center center","background-size":"auto","background-attachment":"scroll","background-type":"","background-media":"","overlay-type":"","overlay-color":"","overlay-opacity":"","overlay-gradient":""}},"ast-content-background-meta":{"desktop":{"background-color":"var(--ast-global-color-5)","background-image":"","background-repeat":"repeat","background-position":"center center","background-size":"auto","background-attachment":"scroll","background-type":"","background-media":"","overlay-type":"","overlay-color":"","overlay-opacity":"","overlay-gradient":""},"tablet":{"background-color":"var(--ast-global-color-5)","background-image":"","background-repeat":"repeat","background-position":"center center","background-size":"auto","background-attachment":"scroll","background-type":"","background-media":"","overlay-type":"","overlay-color":"","overlay-opacity":"","overlay-gradient":""},"mobile":{"background-color":"var(--ast-global-color-5)","background-image":"","background-repeat":"repeat","background-position":"center center","background-size":"auto","background-attachment":"scroll","background-type":"","background-media":"","overlay-type":"","overlay-color":"","overlay-opacity":"","overlay-gradient":""}}},"product_brand":[],"product_cat":[33],"product_tag":[],"class_list":{"0":"post-1458","1":"product","2":"type-product","3":"status-publish","4":"has-post-thumbnail","6":"product_cat-butorok-kiallitasra","7":"desktop-align-center","8":"tablet-align-left","9":"mobile-align-left","11":"first","12":"instock","13":"sold-individually","14":"shipping-taxable","15":"product-type-simple"},"_links":{"self":[{"href":"https:\/\/fotoreklam.hu\/en\/wp-json\/wp\/v2\/product\/1458","targetHints":{"allow":["GET"]}}],"collection":[{"href":"https:\/\/fotoreklam.hu\/en\/wp-json\/wp\/v2\/product"}],"about":[{"href":"https:\/\/fotoreklam.hu\/en\/wp-json\/wp\/v2\/types\/product"}],"replies":[{"embeddable":true,"href":"https:\/\/fotoreklam.hu\/en\/wp-json\/wp\/v2\/comments?post=1458"}],"wp:featuredmedia":[{"embeddable":true,"href":"https:\/\/fotoreklam.hu\/en\/wp-json\/wp\/v2\/media\/1367"}],"wp:attachment":[{"href":"https:\/\/fotoreklam.hu\/en\/wp-json\/wp\/v2\/media?parent=1458"}],"wp:term":[{"taxonomy":"product_brand","embeddable":true,"href":"https:\/\/fotoreklam.hu\/en\/wp-json\/wp\/v2\/product_brand?post=1458"},{"taxonomy":"product_cat","embeddable":true,"href":"https:\/\/fotoreklam.hu\/en\/wp-json\/wp\/v2\/product_cat?post=1458"},{"taxonomy":"product_tag","embeddable":true,"href":"https:\/\/fotoreklam.hu\/en\/wp-json\/wp\/v2\/product_tag?post=1458"}],"curies":[{"name":"wp","href":"https:\/\/api.w.org\/{rel}","templated":true}]}}