{"id":1451,"date":"2023-12-05T13:17:03","date_gmt":"2023-12-05T12:17:03","guid":{"rendered":"https:\/\/uj.fotoreklam.hu\/termek\/r04-roll-up-ad\/"},"modified":"2023-12-05T13:17:03","modified_gmt":"2023-12-05T12:17:03","slug":"r04-roll-up-ad","status":"publish","type":"product","link":"https:\/\/fotoreklam.hu\/en\/product\/r04-roll-up-ad\/","title":{"rendered":"R04 roll-up ad"},"content":{"rendered":"<div class=\"collapsible-body\">\n<p>Fotovision roll-up products represent premium quality.\nIts main advantage is the construction made of solid and light alloy, which has ideal mechanical properties that allow it to be set up and assembled quickly. This premium quality is very impressive and eye-catching. Its wide base guarantees stability for the entire system, to which we add an elegant and light bag, making transport convenient and easy. Roll-up is an indispensable tool in various marketing activities where the direct connection enhances the visual appearance.\n\nIt can be used for a wide variety of appearances, including exhibitions, promotions, exhibitions and trainings. It is a popular marketing product due to its light structure.<\/p>\n<p>F\u0151 el\u0151nye a szil\u00e1rd \u00e9s k\u00f6nny\u0171 \u00f6tv\u00f6zetb\u0151l k\u00e9sz\u00fclt konstrukci\u00f3, amely ide\u00e1lis mechanikai tulajdons\u00e1gokkal rendelkezik, amely lehet\u0151v\u00e9 teszi a gyors fel\u00e1ll\u00edt\u00e1s\u00e1t \u00e9s \u00f6sszeszerel\u00e9s\u00e9t. Ez az egyetlen ilyen roll up a piacon. Ez a pr\u00e9mium min\u0151s\u00e9g nagyon hat\u00e1sos, figyelemfelkelt\u0151. A sz\u00e9les alapja garant\u00e1lja a stabilit\u00e1st az eg\u00e9sz rendszer sz\u00e1m\u00e1ra, melyhez egy eleg\u00e1ns \u00e9s k\u00f6nny\u0171 zs\u00e1kot adunk, \u00edgy a sz\u00e1ll\u00edt\u00e1s k\u00e9nyelmes \u00e9s egyszer\u0171. \u00c1ll\u00edthat\u00f3 magass\u00e1g 90-242 cm-ig \u00e9s \u00e1ll\u00edthat\u00f3 feszess\u00e9g. A talpr\u00e9szn\u00e9l \u00e9s a fels\u0151 r\u00e9szn\u00e9l m\u00e1gnesek tal\u00e1lhat\u00f3ak.<\/p>\n<p><strong>Size:<\/strong><\/p>\n<p>sz\u00e9less\u00e9g: 85\/100 cm<\/p>\n<p>magass\u00e1g: 90-242 cm<\/p>\n<p><strong>Raw materials:<\/strong><\/p>\n<p>alum\u00ednium, transzparen<\/p>\n<\/div>","protected":false},"excerpt":{"rendered":"<p>A Fotovision roll-up term\u00e9kek a \u00a0pr\u00e9mium min\u0151s\u00e9get k\u00e9pviselik. F\u0151 el\u0151nye a szil\u00e1rd \u00e9s k\u00f6nny\u0171 \u00f6tv\u00f6zetb\u0151l k\u00e9sz\u00fclt konstrukci\u00f3, amely ide\u00e1lis mechanikai tulajdons\u00e1gokkal rendelkezik, amely lehet\u0151v\u00e9 teszi a gyors fel\u00e1ll\u00edt\u00e1s\u00e1t \u00e9s \u00f6sszeszerel\u00e9s\u00e9t. Ez az egyetlen ilyen roll up a piacon. Ez a pr\u00e9mium min\u0151s\u00e9g nagyon hat\u00e1sos, figyelemfelkelt\u0151. A sz\u00e9les alapja garant\u00e1lja a stabilit\u00e1st az eg\u00e9sz rendszer sz\u00e1m\u00e1ra, [&hellip;]<\/p>\n","protected":false},"featured_media":1325,"comment_status":"closed","ping_status":"closed","template":"","meta":{"inline_featured_image":false,"site-sidebar-layout":"default","site-content-layout":"","ast-site-content-layout":"default","site-content-style":"default","site-sidebar-style":"default","ast-global-header-display":"","ast-banner-title-visibility":"","ast-main-header-display":"","ast-hfb-above-header-display":"","ast-hfb-below-header-display":"","ast-hfb-mobile-header-display":"","site-post-title":"","ast-breadcrumbs-content":"","ast-featured-img":"","footer-sml-layout":"","ast-disable-related-posts":"","theme-transparent-header-meta":"","adv-header-id-meta":"","stick-header-meta":"","header-above-stick-meta":"","header-main-stick-meta":"","header-below-stick-meta":"","astra-migrate-meta-layouts":"default","ast-page-background-enabled":"default","ast-page-background-meta":{"desktop":{"background-color":"var(--ast-global-color-4)","background-image":"","background-repeat":"repeat","background-position":"center center","background-size":"auto","background-attachment":"scroll","background-type":"","background-media":"","overlay-type":"","overlay-color":"","overlay-opacity":"","overlay-gradient":""},"tablet":{"background-color":"","background-image":"","background-repeat":"repeat","background-position":"center center","background-size":"auto","background-attachment":"scroll","background-type":"","background-media":"","overlay-type":"","overlay-color":"","overlay-opacity":"","overlay-gradient":""},"mobile":{"background-color":"","background-image":"","background-repeat":"repeat","background-position":"center center","background-size":"auto","background-attachment":"scroll","background-type":"","background-media":"","overlay-type":"","overlay-color":"","overlay-opacity":"","overlay-gradient":""}},"ast-content-background-meta":{"desktop":{"background-color":"var(--ast-global-color-5)","background-image":"","background-repeat":"repeat","background-position":"center center","background-size":"auto","background-attachment":"scroll","background-type":"","background-media":"","overlay-type":"","overlay-color":"","overlay-opacity":"","overlay-gradient":""},"tablet":{"background-color":"var(--ast-global-color-5)","background-image":"","background-repeat":"repeat","background-position":"center center","background-size":"auto","background-attachment":"scroll","background-type":"","background-media":"","overlay-type":"","overlay-color":"","overlay-opacity":"","overlay-gradient":""},"mobile":{"background-color":"var(--ast-global-color-5)","background-image":"","background-repeat":"repeat","background-position":"center center","background-size":"auto","background-attachment":"scroll","background-type":"","background-media":"","overlay-type":"","overlay-color":"","overlay-opacity":"","overlay-gradient":""}}},"product_brand":[],"product_cat":[30],"product_tag":[],"class_list":{"0":"post-1451","1":"product","2":"type-product","3":"status-publish","4":"has-post-thumbnail","6":"product_cat-roll-up-premium","7":"desktop-align-center","8":"tablet-align-left","9":"mobile-align-left","11":"first","12":"instock","13":"sold-individually","14":"shipping-taxable","15":"product-type-simple"},"_links":{"self":[{"href":"https:\/\/fotoreklam.hu\/en\/wp-json\/wp\/v2\/product\/1451","targetHints":{"allow":["GET"]}}],"collection":[{"href":"https:\/\/fotoreklam.hu\/en\/wp-json\/wp\/v2\/product"}],"about":[{"href":"https:\/\/fotoreklam.hu\/en\/wp-json\/wp\/v2\/types\/product"}],"replies":[{"embeddable":true,"href":"https:\/\/fotoreklam.hu\/en\/wp-json\/wp\/v2\/comments?post=1451"}],"wp:featuredmedia":[{"embeddable":true,"href":"https:\/\/fotoreklam.hu\/en\/wp-json\/wp\/v2\/media\/1325"}],"wp:attachment":[{"href":"https:\/\/fotoreklam.hu\/en\/wp-json\/wp\/v2\/media?parent=1451"}],"wp:term":[{"taxonomy":"product_brand","embeddable":true,"href":"https:\/\/fotoreklam.hu\/en\/wp-json\/wp\/v2\/product_brand?post=1451"},{"taxonomy":"product_cat","embeddable":true,"href":"https:\/\/fotoreklam.hu\/en\/wp-json\/wp\/v2\/product_cat?post=1451"},{"taxonomy":"product_tag","embeddable":true,"href":"https:\/\/fotoreklam.hu\/en\/wp-json\/wp\/v2\/product_tag?post=1451"}],"curies":[{"name":"wp","href":"https:\/\/api.w.org\/{rel}","templated":true}]}}