{"id":1447,"date":"2023-12-05T13:17:03","date_gmt":"2023-12-05T12:17:03","guid":{"rendered":"https:\/\/uj.fotoreklam.hu\/termek\/a05-levego-oszlop\/"},"modified":"2023-12-06T12:00:34","modified_gmt":"2023-12-06T11:00:34","slug":"a05-levego-oszlop","status":"publish","type":"product","link":"https:\/\/fotoreklam.hu\/en\/product\/a05-levego-oszlop\/","title":{"rendered":"A05 AIR COLUMN"},"content":{"rendered":"<div class=\"collapsible-body\">\n<p>Our inflatable air column is one of the most interesting systems in our product range. Thanks to its design, it allows a wide range of applications, both indoors and outdoors. This type of system is often used at fairs, concerts, festivals, sporting events, family picnics and as an exhibition system.\n\nWaterproof polyester fabric with your own logo, which you can choose to suit your own needs. Another advantage is the ability to print without buying a new system.\n\nIts rarity is due to the fact that it constantly maintains pressure without additional devices, such as an air compressor, so it does not require electricity.\n\nAz oszlopok felf\u00faj\u00e1s\u00e1ra szolg\u00e1l\u00f3 szelepeket a term\u00e9k als\u00f3 r\u00e9sz\u00e9be kell helyezni, melyet rendk\u00edv\u00fcl k\u00f6nny\u0171 be\u00e1ll\u00edtani, elhelyezni.\n\nThe price includes shipping, graphics and individual printing of all printable items.\n\nThe product does not include the fee for the manual or electric pump, this must be ordered separately!<\/p>\n<h4>Available sizes:<\/h4>\n<p class=\"translation-block\">Width: 70 cm<br>\n\nHeight: 100\/220\/280 cm<\/p>\n<h4>Raw materials:<\/h4>\n<p>PVC<br \/>\naluminum, polyester<\/p>\n<\/div>","protected":false},"excerpt":{"rendered":"<p>Our inflatable air column is one of the most interesting systems in our product range. Thanks to its design, it allows a wide range of applications, both indoors and outdoors. This type of system is often used at fairs, concerts, festivals, sporting events, family picnics and as an exhibition system.\n\nWaterproof polyester fabric with your own logo, which you can choose to suit your own needs. Another advantage is the ability to print without buying a new system.\n\nIts rarity is due to the fact that it constantly maintains pressure without additional devices, such as an air compressor, so it does not require electricity.\n\nAz oszlopok felf\u00faj\u00e1s\u00e1ra szolg\u00e1l\u00f3 szelepeket a term\u00e9k als\u00f3 r\u00e9sz\u00e9be kell helyezni, melyet rendk\u00edv\u00fcl k\u00f6nny\u0171 be\u00e1ll\u00edtani, elhelyezni.\n\nThe price includes shipping, graphics and individual printing of all printable items.\n\nThe product does not include the fee for the manual or electric pump, this must be ordered separately!<\/p>\n<p>Quick setup<br \/>\nLight weight<br \/>\nCan be assembled without assembly<br \/>\nExtended guarantee<\/p>\n<h4><a href=\"https:\/\/fotoreklam.hu\/wp-content\/uploads\/teritekrajz\/a05levegooszlop.pdf\">Download a layout<\/a><\/h4>","protected":false},"featured_media":1369,"comment_status":"closed","ping_status":"closed","template":"","meta":{"inline_featured_image":false,"site-sidebar-layout":"default","site-content-layout":"","ast-site-content-layout":"default","site-content-style":"default","site-sidebar-style":"default","ast-global-header-display":"","ast-banner-title-visibility":"","ast-main-header-display":"","ast-hfb-above-header-display":"","ast-hfb-below-header-display":"","ast-hfb-mobile-header-display":"","site-post-title":"","ast-breadcrumbs-content":"","ast-featured-img":"","footer-sml-layout":"","ast-disable-related-posts":"","theme-transparent-header-meta":"default","adv-header-id-meta":"","stick-header-meta":"default","header-above-stick-meta":"","header-main-stick-meta":"","header-below-stick-meta":"","astra-migrate-meta-layouts":"set","ast-page-background-enabled":"default","ast-page-background-meta":{"desktop":{"background-color":"var(--ast-global-color-4)","background-image":"","background-repeat":"repeat","background-position":"center center","background-size":"auto","background-attachment":"scroll","background-type":"","background-media":"","overlay-type":"","overlay-color":"","overlay-opacity":"","overlay-gradient":""},"tablet":{"background-color":"","background-image":"","background-repeat":"repeat","background-position":"center center","background-size":"auto","background-attachment":"scroll","background-type":"","background-media":"","overlay-type":"","overlay-color":"","overlay-opacity":"","overlay-gradient":""},"mobile":{"background-color":"","background-image":"","background-repeat":"repeat","background-position":"center center","background-size":"auto","background-attachment":"scroll","background-type":"","background-media":"","overlay-type":"","overlay-color":"","overlay-opacity":"","overlay-gradient":""}},"ast-content-background-meta":{"desktop":{"background-color":"var(--ast-global-color-5)","background-image":"","background-repeat":"repeat","background-position":"center center","background-size":"auto","background-attachment":"scroll","background-type":"","background-media":"","overlay-type":"","overlay-color":"","overlay-opacity":"","overlay-gradient":""},"tablet":{"background-color":"var(--ast-global-color-5)","background-image":"","background-repeat":"repeat","background-position":"center center","background-size":"auto","background-attachment":"scroll","background-type":"","background-media":"","overlay-type":"","overlay-color":"","overlay-opacity":"","overlay-gradient":""},"mobile":{"background-color":"var(--ast-global-color-5)","background-image":"","background-repeat":"repeat","background-position":"center center","background-size":"auto","background-attachment":"scroll","background-type":"","background-media":"","overlay-type":"","overlay-color":"","overlay-opacity":"","overlay-gradient":""}}},"product_brand":[],"product_cat":[29],"product_tag":[],"class_list":{"0":"post-1447","1":"product","2":"type-product","3":"status-publish","4":"has-post-thumbnail","6":"product_cat-kulteri-rendszerek-butorok","7":"desktop-align-center","8":"tablet-align-left","9":"mobile-align-left","11":"first","12":"instock","13":"sold-individually","14":"shipping-taxable","15":"product-type-simple"},"_links":{"self":[{"href":"https:\/\/fotoreklam.hu\/en\/wp-json\/wp\/v2\/product\/1447","targetHints":{"allow":["GET"]}}],"collection":[{"href":"https:\/\/fotoreklam.hu\/en\/wp-json\/wp\/v2\/product"}],"about":[{"href":"https:\/\/fotoreklam.hu\/en\/wp-json\/wp\/v2\/types\/product"}],"replies":[{"embeddable":true,"href":"https:\/\/fotoreklam.hu\/en\/wp-json\/wp\/v2\/comments?post=1447"}],"wp:featuredmedia":[{"embeddable":true,"href":"https:\/\/fotoreklam.hu\/en\/wp-json\/wp\/v2\/media\/1369"}],"wp:attachment":[{"href":"https:\/\/fotoreklam.hu\/en\/wp-json\/wp\/v2\/media?parent=1447"}],"wp:term":[{"taxonomy":"product_brand","embeddable":true,"href":"https:\/\/fotoreklam.hu\/en\/wp-json\/wp\/v2\/product_brand?post=1447"},{"taxonomy":"product_cat","embeddable":true,"href":"https:\/\/fotoreklam.hu\/en\/wp-json\/wp\/v2\/product_cat?post=1447"},{"taxonomy":"product_tag","embeddable":true,"href":"https:\/\/fotoreklam.hu\/en\/wp-json\/wp\/v2\/product_tag?post=1447"}],"curies":[{"name":"wp","href":"https:\/\/api.w.org\/{rel}","templated":true}]}}