{"id":1446,"date":"2023-12-05T13:17:03","date_gmt":"2023-12-05T12:17:03","guid":{"rendered":"https:\/\/uj.fotoreklam.hu\/termek\/a04-65m-felfujhato-kapu\/"},"modified":"2023-12-05T13:17:03","modified_gmt":"2023-12-05T12:17:03","slug":"a04-65m-felfujhato-kapu","status":"publish","type":"product","link":"https:\/\/fotoreklam.hu\/en\/product\/a04-65m-felfujhato-kapu\/","title":{"rendered":"A04 6,5m felf\u00fajhat\u00f3 kapu"},"content":{"rendered":"<div class=\"collapsible-body\">\n<p>Felf\u00fajhat\u00f3 kapu az egyik leg\u00e9rdekesebb rendszer a term\u00e9keink k\u00edn\u00e1lat\u00e1b\u00f3l. \u00a0 \u00a0Konstrukci\u00f3j\u00e1nak k\u00f6sz\u00f6nhet\u0151en sz\u00e1mos felhaszn\u00e1l\u00e1si lehet\u0151s\u00e9get tesz lehet\u0151v\u00e9 ak\u00e1r belt\u00e9ren, ak\u00e1r k\u00fclt\u00e9ren. Az ilyen t\u00edpus\u00fa rendszert gyakran v\u00e1s\u00e1rokon, koncerteken, fesztiv\u00e1lokon, sportesem\u00e9nyeken, csal\u00e1di piknikeken \u00e9s ki\u00e1ll\u00edt\u00e1si rendszerk\u00e9nt is haszn\u00e1lj\u00e1k.<\/p>\n<p>A saj\u00e1t tervez\u00e9s\u0171 \u00a0log\u00f3val ell\u00e1tott, v\u00edz\u00e1ll\u00f3 poli\u00e9szter sz\u00f6vet , melyet a saj\u00e1t ig\u00e9nyeihez szabva v\u00e1laszthat ki. Tov\u00e1bbi el\u0151ny a nyomtat\u00e1s lehet\u0151s\u00e9ge, an\u00e9lk\u00fcl, hogy \u00faj rendszert v\u00e1s\u00e1rolna.<\/p>\n<p>Ritkas\u00e1ga abb\u00f3l fakad, hogy folyamatosan tartja a nyom\u00e1st tov\u00e1bbi k\u00e9sz\u00fcl\u00e9kek n\u00e9lk\u00fcl, p\u00e9ld\u00e1ul leveg\u0151 kompresszor n\u00e9lk\u00fcl, \u00edgy \u00e1ramot sem ig\u00e9nyel.<\/p>\n<p>A kapu felf\u00faj\u00e1s\u00e1ra szolg\u00e1l\u00f3 szelepeket a term\u00e9k als\u00f3 r\u00e9sz\u00e9be kell helyezni, melyet rendk\u00edv\u00fcl k\u00f6nny\u0171 be\u00e1ll\u00edtani, elhelyezni.<\/p>\n<p>Az \u00e1r tartalmazza a sz\u00e1ll\u00edt\u00e1s d\u00edj\u00e1t, a grafika d\u00edj\u00e1t \u00e9s az \u00f6sszes megnyomhat\u00f3 elem egyedi megnyomtat\u00e1s\u00e1t.<\/p>\n<p>A term\u00e9k nem tartalmazza a k\u00e9zi vagy elektromos pumpa d\u00edj\u00e1t, ezt k\u00fcl\u00f6n kell hozz\u00e1 rendelni!<\/p>\n<p><strong>Available sizes:<\/strong><\/p>\n<p>Sz\u00e9less\u00e9g: 650 cm<\/p>\n<p>Magass\u00e1g: 420 cm<\/p>\n<p>M\u00e9lys\u00e9g: 60 cm<\/p>\n<p><strong>Raw materials:\u00a0<\/strong><\/p>\n<p>PVC<\/p>\n<p>aluminum, polyester<\/p>\n<\/div>","protected":false},"excerpt":{"rendered":"<p><a href=\"\/wp-content\/uploads\/teritekrajz\/a04_6_5mfelfujhatokapu.pdf\" target=\"_blank\" rel=\"noopener\">[md_icon style=&#8221;outlined&#8221; icon=&#8221;md-picture_as_pdf&#8221;]<strong>Ter\u00edt\u00e9krajz let\u00f6lt\u00e9se <\/strong><\/a><\/p>\n<table>\n<thead>\n<tr>\n<td><img decoding=\"async\" title=\"Gyors \u00f6ssze\u00e1ll\u00edt\u00e1s\" src=\"https:\/\/fotovision.eu\/wp-content\/uploads\/ora.svg\" alt=\"Gyors \u00f6ssze\u00e1ll\u00edt\u00e1s\" width=\"60\" height=\"60\" \/><\/td>\n<td><img decoding=\"async\" title=\"K\u00f6nny\u0171 s\u00faly\" src=\"https:\/\/fotovision.eu\/wp-content\/uploads\/suly.svg\" alt=\"K\u00f6nny\u0171 s\u00faly\" width=\"60\" height=\"60\" \/><\/td>\n<td><img decoding=\"async\" title=\"Szerel\u00e9s n\u00e9lk\u00fcl \u00f6ssze\u00e1ll\u00edthat\u00f3\" src=\"https:\/\/fotovision.eu\/wp-content\/uploads\/szereles.svg\" alt=\"Szerel\u00e9s n\u00e9lk\u00fcl \u00f6ssze\u00e1ll\u00edthat\u00f3\" width=\"60\" height=\"60\" \/><\/td>\n<td><img loading=\"lazy\" decoding=\"async\" title=\"Kiterjesztett garancia\" src=\"https:\/\/fotovision.eu\/wp-content\/uploads\/pipa.svg\" alt=\"Kiterjesztett garancia\" width=\"60\" height=\"60\" \/><\/td>\n<\/tr>\n<\/thead>\n<\/table>\n","protected":false},"featured_media":1371,"comment_status":"closed","ping_status":"closed","template":"","meta":{"inline_featured_image":false,"site-sidebar-layout":"default","site-content-layout":"","ast-site-content-layout":"default","site-content-style":"default","site-sidebar-style":"default","ast-global-header-display":"","ast-banner-title-visibility":"","ast-main-header-display":"","ast-hfb-above-header-display":"","ast-hfb-below-header-display":"","ast-hfb-mobile-header-display":"","site-post-title":"","ast-breadcrumbs-content":"","ast-featured-img":"","footer-sml-layout":"","ast-disable-related-posts":"","theme-transparent-header-meta":"","adv-header-id-meta":"","stick-header-meta":"","header-above-stick-meta":"","header-main-stick-meta":"","header-below-stick-meta":"","astra-migrate-meta-layouts":"default","ast-page-background-enabled":"default","ast-page-background-meta":{"desktop":{"background-color":"var(--ast-global-color-4)","background-image":"","background-repeat":"repeat","background-position":"center center","background-size":"auto","background-attachment":"scroll","background-type":"","background-media":"","overlay-type":"","overlay-color":"","overlay-opacity":"","overlay-gradient":""},"tablet":{"background-color":"","background-image":"","background-repeat":"repeat","background-position":"center center","background-size":"auto","background-attachment":"scroll","background-type":"","background-media":"","overlay-type":"","overlay-color":"","overlay-opacity":"","overlay-gradient":""},"mobile":{"background-color":"","background-image":"","background-repeat":"repeat","background-position":"center center","background-size":"auto","background-attachment":"scroll","background-type":"","background-media":"","overlay-type":"","overlay-color":"","overlay-opacity":"","overlay-gradient":""}},"ast-content-background-meta":{"desktop":{"background-color":"var(--ast-global-color-5)","background-image":"","background-repeat":"repeat","background-position":"center center","background-size":"auto","background-attachment":"scroll","background-type":"","background-media":"","overlay-type":"","overlay-color":"","overlay-opacity":"","overlay-gradient":""},"tablet":{"background-color":"var(--ast-global-color-5)","background-image":"","background-repeat":"repeat","background-position":"center center","background-size":"auto","background-attachment":"scroll","background-type":"","background-media":"","overlay-type":"","overlay-color":"","overlay-opacity":"","overlay-gradient":""},"mobile":{"background-color":"var(--ast-global-color-5)","background-image":"","background-repeat":"repeat","background-position":"center center","background-size":"auto","background-attachment":"scroll","background-type":"","background-media":"","overlay-type":"","overlay-color":"","overlay-opacity":"","overlay-gradient":""}}},"product_brand":[],"product_cat":[29],"product_tag":[],"class_list":{"0":"post-1446","1":"product","2":"type-product","3":"status-publish","4":"has-post-thumbnail","6":"product_cat-kulteri-rendszerek-butorok","7":"desktop-align-center","8":"tablet-align-left","9":"mobile-align-left","11":"first","12":"instock","13":"sold-individually","14":"shipping-taxable","15":"product-type-simple"},"_links":{"self":[{"href":"https:\/\/fotoreklam.hu\/en\/wp-json\/wp\/v2\/product\/1446","targetHints":{"allow":["GET"]}}],"collection":[{"href":"https:\/\/fotoreklam.hu\/en\/wp-json\/wp\/v2\/product"}],"about":[{"href":"https:\/\/fotoreklam.hu\/en\/wp-json\/wp\/v2\/types\/product"}],"replies":[{"embeddable":true,"href":"https:\/\/fotoreklam.hu\/en\/wp-json\/wp\/v2\/comments?post=1446"}],"wp:featuredmedia":[{"embeddable":true,"href":"https:\/\/fotoreklam.hu\/en\/wp-json\/wp\/v2\/media\/1371"}],"wp:attachment":[{"href":"https:\/\/fotoreklam.hu\/en\/wp-json\/wp\/v2\/media?parent=1446"}],"wp:term":[{"taxonomy":"product_brand","embeddable":true,"href":"https:\/\/fotoreklam.hu\/en\/wp-json\/wp\/v2\/product_brand?post=1446"},{"taxonomy":"product_cat","embeddable":true,"href":"https:\/\/fotoreklam.hu\/en\/wp-json\/wp\/v2\/product_cat?post=1446"},{"taxonomy":"product_tag","embeddable":true,"href":"https:\/\/fotoreklam.hu\/en\/wp-json\/wp\/v2\/product_tag?post=1446"}],"curies":[{"name":"wp","href":"https:\/\/api.w.org\/{rel}","templated":true}]}}