{"id":1434,"date":"2023-12-05T13:17:01","date_gmt":"2023-12-05T12:17:01","guid":{"rendered":"https:\/\/uj.fotoreklam.hu\/termek\/s06-c-asztal\/"},"modified":"2023-12-05T13:17:01","modified_gmt":"2023-12-05T12:17:01","slug":"s06-c-asztal","status":"publish","type":"product","link":"https:\/\/fotoreklam.hu\/en\/product\/s06-c-asztal\/","title":{"rendered":"S06 C asztal"},"content":{"rendered":"<div class=\"collapsible-body\">\n<p><span lang=\"hu-HU\">Stabil, biztons\u00e1gos, st\u00edlusos \u00e9s nagyon praktikus ellipszis asztal. A szil\u00e1rdan r\u00e1szerelt kerekek lehet\u0151v\u00e9 teszik az asztal szabad mozgat\u00e1s\u00e1t an\u00e9lk\u00fcl, hogy az asztal b\u00e1rmilyen sz\u00e9tszerel\u00e9st ig\u00e9nyelne.\u00a0<\/span><\/p>\n<p><span lang=\"hu-HU\">K\u00f6nnyen \u00f6sszecsukhat\u00f3 \u00e9s egy kis t\u00e1sk\u00e1ban sz\u00e1ll\u00edthat\u00f3 &#8211; t\u00e1rolhat\u00f3. A kompakt m\u00e9rete \u00e9s a k\u00f6nny\u0171 s\u00falya miatt az \u00f6sszecsukott asztalt k\u00f6nnyen \u00e1thelyezheti egy m\u00e1sik prom\u00f3ci\u00f3s helyre.\u00a0<\/span><\/p>\n<p><span lang=\"hu-HU\">Az er\u0151s alum\u00ednium szerkezet \u00e9s a r\u00e1szerelt kerekek lehet\u0151v\u00e9 teszik az \u00e1llv\u00e1ny szabad mozgat\u00e1s\u00e1t.\u00a0<\/span><\/p>\n<p align=\"left\"><span lang=\"hu-HU\">Az \u00a0asztalhoz egy kicsi, eszt\u00e9tikus sz\u00e1ll\u00edt\u00f3t\u00e1sk\u00e1t adunk.<\/span><\/p>\n<p><strong>Size:<\/strong><\/p>\n<p>Sz\u00e9less\u00e9g: 90 cm<\/p>\n<p>Magass\u00e1g: 215 cm<\/p>\n<p>M\u00e9lys\u00e9g: 62 cm<\/p>\n<p>Fels\u0151 t\u00e1bla: 90 cm x 30 cm<\/p>\n<p>Asztal: 90 cm x 62 cm<\/p>\n<p><strong>Raw materials:<\/strong><\/p>\n<p>Alum\u00ednium szerkezet<\/p>\n<p>PVC<\/p>\n<p>aluminium, polyester, furniture sheet<\/p>\n<p>Nyomtathat\u00f3 film<\/p>\n<\/div>","protected":false},"excerpt":{"rendered":"<p><a href=\"\/wp-content\/uploads\/teritekrajz\/s06casztal.pdf\" target=\"_blank\" rel=\"noopener\">[md_icon style=&#8221;outlined&#8221; icon=&#8221;md-picture_as_pdf&#8221;]<strong>Ter\u00edt\u00e9krajz let\u00f6lt\u00e9se <\/strong><\/a><\/p>\n<table>\n<thead>\n<tr>\n<td><img decoding=\"async\" title=\"Gyors \u00f6ssze\u00e1ll\u00edt\u00e1s\" src=\"https:\/\/fotovision.eu\/wp-content\/uploads\/ora.svg\" alt=\"Gyors \u00f6ssze\u00e1ll\u00edt\u00e1s\" width=\"60\" height=\"60\" \/><\/td>\n<td><img decoding=\"async\" title=\"K\u00f6nny\u0171 s\u00faly\" src=\"https:\/\/fotovision.eu\/wp-content\/uploads\/suly.svg\" alt=\"K\u00f6nny\u0171 s\u00faly\" width=\"60\" height=\"60\" \/><\/td>\n<td><img decoding=\"async\" title=\"Szerel\u00e9s n\u00e9lk\u00fcl \u00f6ssze\u00e1ll\u00edthat\u00f3\" src=\"https:\/\/fotovision.eu\/wp-content\/uploads\/szereles.svg\" alt=\"Szerel\u00e9s n\u00e9lk\u00fcl \u00f6ssze\u00e1ll\u00edthat\u00f3\" width=\"60\" height=\"60\" \/><\/td>\n<td><img loading=\"lazy\" decoding=\"async\" title=\"Kiterjesztett garancia\" src=\"https:\/\/fotovision.eu\/wp-content\/uploads\/pipa.svg\" alt=\"Kiterjesztett garancia\" width=\"60\" height=\"60\" \/><\/td>\n<\/tr>\n<\/thead>\n<\/table>\n","protected":false},"featured_media":1313,"comment_status":"closed","ping_status":"closed","template":"","meta":{"inline_featured_image":false,"site-sidebar-layout":"default","site-content-layout":"","ast-site-content-layout":"default","site-content-style":"default","site-sidebar-style":"default","ast-global-header-display":"","ast-banner-title-visibility":"","ast-main-header-display":"","ast-hfb-above-header-display":"","ast-hfb-below-header-display":"","ast-hfb-mobile-header-display":"","site-post-title":"","ast-breadcrumbs-content":"","ast-featured-img":"","footer-sml-layout":"","ast-disable-related-posts":"","theme-transparent-header-meta":"","adv-header-id-meta":"","stick-header-meta":"","header-above-stick-meta":"","header-main-stick-meta":"","header-below-stick-meta":"","astra-migrate-meta-layouts":"default","ast-page-background-enabled":"default","ast-page-background-meta":{"desktop":{"background-color":"var(--ast-global-color-4)","background-image":"","background-repeat":"repeat","background-position":"center center","background-size":"auto","background-attachment":"scroll","background-type":"","background-media":"","overlay-type":"","overlay-color":"","overlay-opacity":"","overlay-gradient":""},"tablet":{"background-color":"","background-image":"","background-repeat":"repeat","background-position":"center center","background-size":"auto","background-attachment":"scroll","background-type":"","background-media":"","overlay-type":"","overlay-color":"","overlay-opacity":"","overlay-gradient":""},"mobile":{"background-color":"","background-image":"","background-repeat":"repeat","background-position":"center center","background-size":"auto","background-attachment":"scroll","background-type":"","background-media":"","overlay-type":"","overlay-color":"","overlay-opacity":"","overlay-gradient":""}},"ast-content-background-meta":{"desktop":{"background-color":"var(--ast-global-color-5)","background-image":"","background-repeat":"repeat","background-position":"center center","background-size":"auto","background-attachment":"scroll","background-type":"","background-media":"","overlay-type":"","overlay-color":"","overlay-opacity":"","overlay-gradient":""},"tablet":{"background-color":"var(--ast-global-color-5)","background-image":"","background-repeat":"repeat","background-position":"center center","background-size":"auto","background-attachment":"scroll","background-type":"","background-media":"","overlay-type":"","overlay-color":"","overlay-opacity":"","overlay-gradient":""},"mobile":{"background-color":"var(--ast-global-color-5)","background-image":"","background-repeat":"repeat","background-position":"center center","background-size":"auto","background-attachment":"scroll","background-type":"","background-media":"","overlay-type":"","overlay-color":"","overlay-opacity":"","overlay-gradient":""}}},"product_brand":[],"product_cat":[23],"product_tag":[],"class_list":{"0":"post-1434","1":"product","2":"type-product","3":"status-publish","4":"has-post-thumbnail","6":"product_cat-asztalok-kinalo-pultok","7":"desktop-align-center","8":"tablet-align-left","9":"mobile-align-left","11":"first","12":"instock","13":"sold-individually","14":"shipping-taxable","15":"product-type-simple"},"_links":{"self":[{"href":"https:\/\/fotoreklam.hu\/en\/wp-json\/wp\/v2\/product\/1434","targetHints":{"allow":["GET"]}}],"collection":[{"href":"https:\/\/fotoreklam.hu\/en\/wp-json\/wp\/v2\/product"}],"about":[{"href":"https:\/\/fotoreklam.hu\/en\/wp-json\/wp\/v2\/types\/product"}],"replies":[{"embeddable":true,"href":"https:\/\/fotoreklam.hu\/en\/wp-json\/wp\/v2\/comments?post=1434"}],"wp:featuredmedia":[{"embeddable":true,"href":"https:\/\/fotoreklam.hu\/en\/wp-json\/wp\/v2\/media\/1313"}],"wp:attachment":[{"href":"https:\/\/fotoreklam.hu\/en\/wp-json\/wp\/v2\/media?parent=1434"}],"wp:term":[{"taxonomy":"product_brand","embeddable":true,"href":"https:\/\/fotoreklam.hu\/en\/wp-json\/wp\/v2\/product_brand?post=1434"},{"taxonomy":"product_cat","embeddable":true,"href":"https:\/\/fotoreklam.hu\/en\/wp-json\/wp\/v2\/product_cat?post=1434"},{"taxonomy":"product_tag","embeddable":true,"href":"https:\/\/fotoreklam.hu\/en\/wp-json\/wp\/v2\/product_tag?post=1434"}],"curies":[{"name":"wp","href":"https:\/\/api.w.org\/{rel}","templated":true}]}}