{"id":1429,"date":"2023-12-05T13:17:01","date_gmt":"2023-12-05T12:17:01","guid":{"rendered":"https:\/\/uj.fotoreklam.hu\/termek\/s07-kor-asztal\/"},"modified":"2023-12-06T17:08:25","modified_gmt":"2023-12-06T16:08:25","slug":"s07-kor-asztal","status":"publish","type":"product","link":"https:\/\/fotoreklam.hu\/en\/product\/s07-kor-asztal\/","title":{"rendered":"S07 CIRCLE TABLE"},"content":{"rendered":"<p>The circle table is an ultra-light, compact structure, on which we can display our company logo on it on a relatively large surface. Perfect tool e.g. for store tasting, product promotion.\n\nIt can be loaded up to 11 kg. Unique interchangeable graphics and a \u201clollipop\u201d are one of the most important features, as you only need to buy the structure once.\n\nEasy to fold and carry in a small bag - can be stored. Due to its compact size and light weight, you can easily move the folded table to another promotional location. The strong aluminum construction and securely mounted wheels allow the stand to move freely. The high-quality raw materials used for the structure and their technical solution ensure the durability of the table and the possibility of versatile use.<\/p>\n<h4>Available sizes:<\/h4>\n<p>sz\u00e9less\u00e9g: 65 cm &#8211; \u00e1tm\u00e9r\u0151<br \/>\nteljes magass\u00e1g: 215 cm<br \/>\nasztal magass\u00e1g: 95 cm<br \/>\nWidth: 65 cm - diameter<br>\n\nTotal height: 215 cm<br>\n\nTable height: 95 cm<br>\n\nThe size of the 'lollipop' is 35 \u00d7 35 cm<\/p>\n<h4>Raw materials:<\/h4>\n<p>aluminum<br>\n\nroll-up film<br \/>\naluminum, polyester<\/p>","protected":false},"excerpt":{"rendered":"<p>The circle table is an ultra-light, compact structure, on which we can display our company logo on it on a relatively large surface. Perfect tool e.g. for store tasting, product promotion.\n\nIt can be loaded up to 11 kg. Unique interchangeable graphics and a \u201clollipop\u201d are one of the most important features, as you only need to buy the structure once.<\/p>\n<p>Quick setup<br \/>\nLight weight<br \/>\nCan be assembled without assembly<br \/>\nExtended guarantee<\/p>\n<h4><a href=\"https:\/\/fotoreklam.hu\/wp-content\/uploads\/teritekrajz\/s07korasztal.pdf\">Download a layout<\/a><\/h4>","protected":false},"featured_media":1312,"comment_status":"closed","ping_status":"closed","template":"","meta":{"inline_featured_image":false,"site-sidebar-layout":"default","site-content-layout":"","ast-site-content-layout":"default","site-content-style":"default","site-sidebar-style":"default","ast-global-header-display":"","ast-banner-title-visibility":"","ast-main-header-display":"","ast-hfb-above-header-display":"","ast-hfb-below-header-display":"","ast-hfb-mobile-header-display":"","site-post-title":"","ast-breadcrumbs-content":"","ast-featured-img":"","footer-sml-layout":"","ast-disable-related-posts":"","theme-transparent-header-meta":"default","adv-header-id-meta":"","stick-header-meta":"default","header-above-stick-meta":"","header-main-stick-meta":"","header-below-stick-meta":"","astra-migrate-meta-layouts":"set","ast-page-background-enabled":"default","ast-page-background-meta":{"desktop":{"background-color":"var(--ast-global-color-4)","background-image":"","background-repeat":"repeat","background-position":"center center","background-size":"auto","background-attachment":"scroll","background-type":"","background-media":"","overlay-type":"","overlay-color":"","overlay-opacity":"","overlay-gradient":""},"tablet":{"background-color":"","background-image":"","background-repeat":"repeat","background-position":"center center","background-size":"auto","background-attachment":"scroll","background-type":"","background-media":"","overlay-type":"","overlay-color":"","overlay-opacity":"","overlay-gradient":""},"mobile":{"background-color":"","background-image":"","background-repeat":"repeat","background-position":"center center","background-size":"auto","background-attachment":"scroll","background-type":"","background-media":"","overlay-type":"","overlay-color":"","overlay-opacity":"","overlay-gradient":""}},"ast-content-background-meta":{"desktop":{"background-color":"var(--ast-global-color-5)","background-image":"","background-repeat":"repeat","background-position":"center center","background-size":"auto","background-attachment":"scroll","background-type":"","background-media":"","overlay-type":"","overlay-color":"","overlay-opacity":"","overlay-gradient":""},"tablet":{"background-color":"var(--ast-global-color-5)","background-image":"","background-repeat":"repeat","background-position":"center center","background-size":"auto","background-attachment":"scroll","background-type":"","background-media":"","overlay-type":"","overlay-color":"","overlay-opacity":"","overlay-gradient":""},"mobile":{"background-color":"var(--ast-global-color-5)","background-image":"","background-repeat":"repeat","background-position":"center center","background-size":"auto","background-attachment":"scroll","background-type":"","background-media":"","overlay-type":"","overlay-color":"","overlay-opacity":"","overlay-gradient":""}}},"product_brand":[],"product_cat":[23],"product_tag":[],"class_list":{"0":"post-1429","1":"product","2":"type-product","3":"status-publish","4":"has-post-thumbnail","6":"product_cat-asztalok-kinalo-pultok","7":"desktop-align-center","8":"tablet-align-left","9":"mobile-align-left","11":"first","12":"instock","13":"sold-individually","14":"shipping-taxable","15":"product-type-simple"},"_links":{"self":[{"href":"https:\/\/fotoreklam.hu\/en\/wp-json\/wp\/v2\/product\/1429","targetHints":{"allow":["GET"]}}],"collection":[{"href":"https:\/\/fotoreklam.hu\/en\/wp-json\/wp\/v2\/product"}],"about":[{"href":"https:\/\/fotoreklam.hu\/en\/wp-json\/wp\/v2\/types\/product"}],"replies":[{"embeddable":true,"href":"https:\/\/fotoreklam.hu\/en\/wp-json\/wp\/v2\/comments?post=1429"}],"wp:featuredmedia":[{"embeddable":true,"href":"https:\/\/fotoreklam.hu\/en\/wp-json\/wp\/v2\/media\/1312"}],"wp:attachment":[{"href":"https:\/\/fotoreklam.hu\/en\/wp-json\/wp\/v2\/media?parent=1429"}],"wp:term":[{"taxonomy":"product_brand","embeddable":true,"href":"https:\/\/fotoreklam.hu\/en\/wp-json\/wp\/v2\/product_brand?post=1429"},{"taxonomy":"product_cat","embeddable":true,"href":"https:\/\/fotoreklam.hu\/en\/wp-json\/wp\/v2\/product_cat?post=1429"},{"taxonomy":"product_tag","embeddable":true,"href":"https:\/\/fotoreklam.hu\/en\/wp-json\/wp\/v2\/product_tag?post=1429"}],"curies":[{"name":"wp","href":"https:\/\/api.w.org\/{rel}","templated":true}]}}