{"id":1416,"date":"2023-12-05T13:17:00","date_gmt":"2023-12-05T12:17:00","guid":{"rendered":"https:\/\/uj.fotoreklam.hu\/termek\/v25-epitmeny\/"},"modified":"2023-12-06T18:25:10","modified_gmt":"2023-12-06T17:25:10","slug":"v25-epitmeny","status":"publish","type":"product","link":"https:\/\/fotoreklam.hu\/en\/product\/v25-epitmeny\/","title":{"rendered":"V25 \u00e9p\u00edtm\u00e9ny"},"content":{"rendered":"<div class=\"collapsible-body\">\n<p>A Foto Vision \u00e9p\u00edtm\u00e9ny nevet visel\u0151 term\u00e9k\u00fcnk egy t\u00f6bbfunkci\u00f3s prom\u00f3ci\u00f3s term\u00e9k. Modern, innovat\u00edv design, k\u00f6nny\u0171 s\u00faly \u00e9s kiv\u00e1l\u00f3 min\u0151s\u00e9g jellemzi. Tov\u00e1bbi el\u0151nye a gyors \u00e9s egyszer\u0171 \u00f6sszeszerel\u00e9s. A sz\u00f6vet t\u00f6k\u00e9letesen illeszkedik a szerkezethez, r\u00e1ncok \u00e9s hull\u00e1mok n\u00e9lk\u00fcl.\u00a0A keret alum\u00ednium cs\u00f6vekb\u0151l \u00e1ll, amelyek speci\u00e1lis klipekkel vannak \u00f6sszek\u00f6tve. Az elemek intuit\u00edv m\u00f3don \u00e9s szersz\u00e1m n\u00e9lk\u00fcl csatlakoznak egym\u00e1shoz. Az eg\u00e9sz szerkezet fel\u00e9p\u00edt\u00e9se ut\u00e1n sima fel\u00fcletet kapunk &#8211; az anyag fel\u00fclete egys\u00e9ges lesz. Az anyaga poli\u00e9szter sz\u00f6vet, amelyre az \u00d6n \u00e1ltal elk\u00e9pzelt grafika fog ker\u00fclni. \u00a0T\u00f6bbsz\u00f6r\u00f6s mos\u00e1s \u00e9s vasal\u00e1s sem v\u00e1ltoztatja meg a sz\u00edn tel\u00edtetts\u00e9g\u00e9t vagy a sz\u00f6vet min\u0151s\u00e9g\u00e9t.\u00a0Az eg\u00e9sz display rendszerhez egy kicsi, eszt\u00e9tikus sz\u00e1ll\u00edt\u00f3t\u00e1sk\u00e1t adunk.<\/p>\n<h4>Available sizes:<\/h4>\n<p>Width: 500 cm<br \/>\nmagass\u00e1g: 270 cm<br \/>\nDepth: 90 cm<\/p>\n<h4>Raw materials:<\/h4>\n<p>aluminum<br>\n\nroll-up film<br \/>\naluminum, polyester<\/p>\n<\/div>","protected":false},"excerpt":{"rendered":"<p>A Foto Vision \u00e9p\u00edtm\u00e9ny nevet visel\u0151 term\u00e9k\u00fcnk egy t\u00f6bbfunkci\u00f3s prom\u00f3ci\u00f3s term\u00e9k. Modern, innovat\u00edv design, k\u00f6nny\u0171 s\u00faly \u00e9s kiv\u00e1l\u00f3 min\u0151s\u00e9g jellemzi. Tov\u00e1bbi el\u0151nye a gyors \u00e9s egyszer\u0171 \u00f6sszeszerel\u00e9s. A sz\u00f6vet t\u00f6k\u00e9letesen illeszkedik a szerkezethez, r\u00e1ncok \u00e9s hull\u00e1mok n\u00e9lk\u00fcl.\u00a0A keret alum\u00ednium cs\u00f6vekb\u0151l \u00e1ll, amelyek speci\u00e1lis klipekkel vannak \u00f6sszek\u00f6tve.<\/p>\n<p>Quick setup<br \/>\nLight weight<br \/>\nCan be assembled without assembly<br \/>\nExtended guarantee<\/p>\n<h4><a href=\"https:\/\/fotoreklam.hu\/wp-content\/uploads\/teritekrajz\/v25epitmeny.pdf\">Download a layout<\/a><\/h4>","protected":false},"featured_media":1227,"comment_status":"closed","ping_status":"closed","template":"","meta":{"inline_featured_image":false,"site-sidebar-layout":"default","site-content-layout":"","ast-site-content-layout":"default","site-content-style":"default","site-sidebar-style":"default","ast-global-header-display":"","ast-banner-title-visibility":"","ast-main-header-display":"","ast-hfb-above-header-display":"","ast-hfb-below-header-display":"","ast-hfb-mobile-header-display":"","site-post-title":"","ast-breadcrumbs-content":"","ast-featured-img":"","footer-sml-layout":"","ast-disable-related-posts":"","theme-transparent-header-meta":"default","adv-header-id-meta":"","stick-header-meta":"default","header-above-stick-meta":"","header-main-stick-meta":"","header-below-stick-meta":"","astra-migrate-meta-layouts":"set","ast-page-background-enabled":"default","ast-page-background-meta":{"desktop":{"background-color":"var(--ast-global-color-4)","background-image":"","background-repeat":"repeat","background-position":"center center","background-size":"auto","background-attachment":"scroll","background-type":"","background-media":"","overlay-type":"","overlay-color":"","overlay-opacity":"","overlay-gradient":""},"tablet":{"background-color":"","background-image":"","background-repeat":"repeat","background-position":"center center","background-size":"auto","background-attachment":"scroll","background-type":"","background-media":"","overlay-type":"","overlay-color":"","overlay-opacity":"","overlay-gradient":""},"mobile":{"background-color":"","background-image":"","background-repeat":"repeat","background-position":"center center","background-size":"auto","background-attachment":"scroll","background-type":"","background-media":"","overlay-type":"","overlay-color":"","overlay-opacity":"","overlay-gradient":""}},"ast-content-background-meta":{"desktop":{"background-color":"var(--ast-global-color-5)","background-image":"","background-repeat":"repeat","background-position":"center center","background-size":"auto","background-attachment":"scroll","background-type":"","background-media":"","overlay-type":"","overlay-color":"","overlay-opacity":"","overlay-gradient":""},"tablet":{"background-color":"var(--ast-global-color-5)","background-image":"","background-repeat":"repeat","background-position":"center center","background-size":"auto","background-attachment":"scroll","background-type":"","background-media":"","overlay-type":"","overlay-color":"","overlay-opacity":"","overlay-gradient":""},"mobile":{"background-color":"var(--ast-global-color-5)","background-image":"","background-repeat":"repeat","background-position":"center center","background-size":"auto","background-attachment":"scroll","background-type":"","background-media":"","overlay-type":"","overlay-color":"","overlay-opacity":"","overlay-gradient":""}}},"product_brand":[],"product_cat":[25],"product_tag":[],"class_list":{"0":"post-1416","1":"product","2":"type-product","3":"status-publish","4":"has-post-thumbnail","6":"product_cat-kapuk","7":"desktop-align-center","8":"tablet-align-left","9":"mobile-align-left","11":"first","12":"instock","13":"sold-individually","14":"shipping-taxable","15":"product-type-simple"},"_links":{"self":[{"href":"https:\/\/fotoreklam.hu\/en\/wp-json\/wp\/v2\/product\/1416","targetHints":{"allow":["GET"]}}],"collection":[{"href":"https:\/\/fotoreklam.hu\/en\/wp-json\/wp\/v2\/product"}],"about":[{"href":"https:\/\/fotoreklam.hu\/en\/wp-json\/wp\/v2\/types\/product"}],"replies":[{"embeddable":true,"href":"https:\/\/fotoreklam.hu\/en\/wp-json\/wp\/v2\/comments?post=1416"}],"wp:featuredmedia":[{"embeddable":true,"href":"https:\/\/fotoreklam.hu\/en\/wp-json\/wp\/v2\/media\/1227"}],"wp:attachment":[{"href":"https:\/\/fotoreklam.hu\/en\/wp-json\/wp\/v2\/media?parent=1416"}],"wp:term":[{"taxonomy":"product_brand","embeddable":true,"href":"https:\/\/fotoreklam.hu\/en\/wp-json\/wp\/v2\/product_brand?post=1416"},{"taxonomy":"product_cat","embeddable":true,"href":"https:\/\/fotoreklam.hu\/en\/wp-json\/wp\/v2\/product_cat?post=1416"},{"taxonomy":"product_tag","embeddable":true,"href":"https:\/\/fotoreklam.hu\/en\/wp-json\/wp\/v2\/product_tag?post=1416"}],"curies":[{"name":"wp","href":"https:\/\/api.w.org\/{rel}","templated":true}]}}