{"id":1409,"date":"2023-12-05T13:17:00","date_gmt":"2023-12-05T12:17:00","guid":{"rendered":"https:\/\/uj.fotoreklam.hu\/termek\/v28-ivelt-x\/"},"modified":"2023-12-05T13:17:00","modified_gmt":"2023-12-05T12:17:00","slug":"v28-ivelt-x","status":"publish","type":"product","link":"https:\/\/fotoreklam.hu\/en\/product\/v28-ivelt-x\/","title":{"rendered":"V28 \u00edvelt X"},"content":{"rendered":"<p>A Foto Vision \u00cdvelt X nevet visel\u0151 ki\u00e1ll\u00edt\u00e1si rendszer\u00fcnk egy t\u00f6bbfunkci\u00f3s prom\u00f3ci\u00f3s term\u00e9k. Modern, innovat\u00edv design, k\u00f6nny\u0171 s\u00faly \u00e9s kiv\u00e1l\u00f3 min\u0151s\u00e9g jellemzi. Tov\u00e1bbi el\u0151nye a gyors \u00e9s egyszer\u0171 \u00f6sszeszerel\u00e9s. A sz\u00f6vet t\u00f6k\u00e9letesen illeszkedik a szerkezethez, r\u00e1ncok \u00e9s hull\u00e1mok n\u00e9lk\u00fcl.<\/p>\n<p>A keret alum\u00ednium cs\u00f6vekb\u0151l \u00e1ll, amelyek speci\u00e1lis klipekkel vannak \u00f6sszek\u00f6tve. Az elemek intuit\u00edv m\u00f3don \u00e9s szersz\u00e1m n\u00e9lk\u00fcl csatlakoznak egym\u00e1shoz. Az eg\u00e9sz szerkezet fel\u00e9p\u00edt\u00e9se ut\u00e1n sima fel\u00fcletet kapunk &#8211; az anyag fel\u00fclete egys\u00e9ges lesz.<\/p>\n<p>Az anyaga poli\u00e9szter sz\u00f6vet, amelyre az \u00d6n \u00e1ltal elk\u00e9pzelt grafika fog ker\u00fclni. \u00a0T\u00f6bbsz\u00f6r\u00f6s mos\u00e1s \u00e9s vasal\u00e1s sem v\u00e1ltoztatja meg a sz\u00edn tel\u00edtetts\u00e9g\u00e9t vagy a sz\u00f6vet min\u0151s\u00e9g\u00e9t.<\/p>\n<p>Az eg\u00e9sz display rendszerhez egy kicsi, eszt\u00e9tikus sz\u00e1ll\u00edt\u00f3t\u00e1sk\u00e1t adunk.<\/p>\n<p><strong>Size:<\/strong><\/p>\n<p>sz\u00e9less\u00e9g: 260 cm<\/p>\n<p>magass\u00e1g: 240 cm<\/p>\n<p>Width: 100 cm<br>\n\nHeight: 90 cm<br>\n\nDepth: 40 cm<\/p>\n<p><strong>Raw materials:<\/strong><\/p>\n<p>aluminum<br>\n\nroll-up film<\/p>\n<p>aluminum, polyester<\/p>","protected":false},"excerpt":{"rendered":"<p><a href=\"\/wp-content\/uploads\/teritekrajz\/v28iveltx.pdf\" target=\"_blank\" rel=\"noopener\">[md_icon style=&#8221;outlined&#8221; icon=&#8221;md-picture_as_pdf&#8221;]<strong>Ter\u00edt\u00e9krajz let\u00f6lt\u00e9se <\/strong><\/a><\/p>\n<table>\n<thead>\n<tr>\n<td><img decoding=\"async\" title=\"Gyors \u00f6ssze\u00e1ll\u00edt\u00e1s\" src=\"https:\/\/fotovision.eu\/wp-content\/uploads\/ora.svg\" alt=\"Gyors \u00f6ssze\u00e1ll\u00edt\u00e1s\" width=\"60\" height=\"60\" \/><\/td>\n<td><img decoding=\"async\" title=\"K\u00f6nny\u0171 s\u00faly\" src=\"https:\/\/fotovision.eu\/wp-content\/uploads\/suly.svg\" alt=\"K\u00f6nny\u0171 s\u00faly\" width=\"60\" height=\"60\" \/><\/td>\n<td><img decoding=\"async\" title=\"Szerel\u00e9s n\u00e9lk\u00fcl \u00f6ssze\u00e1ll\u00edthat\u00f3\" src=\"https:\/\/fotovision.eu\/wp-content\/uploads\/szereles.svg\" alt=\"Szerel\u00e9s n\u00e9lk\u00fcl \u00f6ssze\u00e1ll\u00edthat\u00f3\" width=\"60\" height=\"60\" \/><\/td>\n<td><img loading=\"lazy\" decoding=\"async\" title=\"Kiterjesztett garancia\" src=\"https:\/\/fotovision.eu\/wp-content\/uploads\/pipa.svg\" alt=\"Kiterjesztett garancia\" width=\"60\" height=\"60\" \/><\/td>\n<\/tr>\n<\/thead>\n<\/table>\n","protected":false},"featured_media":1222,"comment_status":"closed","ping_status":"closed","template":"","meta":{"inline_featured_image":false,"site-sidebar-layout":"default","site-content-layout":"","ast-site-content-layout":"default","site-content-style":"default","site-sidebar-style":"default","ast-global-header-display":"","ast-banner-title-visibility":"","ast-main-header-display":"","ast-hfb-above-header-display":"","ast-hfb-below-header-display":"","ast-hfb-mobile-header-display":"","site-post-title":"","ast-breadcrumbs-content":"","ast-featured-img":"","footer-sml-layout":"","ast-disable-related-posts":"","theme-transparent-header-meta":"","adv-header-id-meta":"","stick-header-meta":"","header-above-stick-meta":"","header-main-stick-meta":"","header-below-stick-meta":"","astra-migrate-meta-layouts":"default","ast-page-background-enabled":"default","ast-page-background-meta":{"desktop":{"background-color":"var(--ast-global-color-4)","background-image":"","background-repeat":"repeat","background-position":"center center","background-size":"auto","background-attachment":"scroll","background-type":"","background-media":"","overlay-type":"","overlay-color":"","overlay-opacity":"","overlay-gradient":""},"tablet":{"background-color":"","background-image":"","background-repeat":"repeat","background-position":"center center","background-size":"auto","background-attachment":"scroll","background-type":"","background-media":"","overlay-type":"","overlay-color":"","overlay-opacity":"","overlay-gradient":""},"mobile":{"background-color":"","background-image":"","background-repeat":"repeat","background-position":"center center","background-size":"auto","background-attachment":"scroll","background-type":"","background-media":"","overlay-type":"","overlay-color":"","overlay-opacity":"","overlay-gradient":""}},"ast-content-background-meta":{"desktop":{"background-color":"var(--ast-global-color-5)","background-image":"","background-repeat":"repeat","background-position":"center center","background-size":"auto","background-attachment":"scroll","background-type":"","background-media":"","overlay-type":"","overlay-color":"","overlay-opacity":"","overlay-gradient":""},"tablet":{"background-color":"var(--ast-global-color-5)","background-image":"","background-repeat":"repeat","background-position":"center center","background-size":"auto","background-attachment":"scroll","background-type":"","background-media":"","overlay-type":"","overlay-color":"","overlay-opacity":"","overlay-gradient":""},"mobile":{"background-color":"var(--ast-global-color-5)","background-image":"","background-repeat":"repeat","background-position":"center center","background-size":"auto","background-attachment":"scroll","background-type":"","background-media":"","overlay-type":"","overlay-color":"","overlay-opacity":"","overlay-gradient":""}}},"product_brand":[],"product_cat":[24],"product_tag":[],"class_list":{"0":"post-1409","1":"product","2":"type-product","3":"status-publish","4":"has-post-thumbnail","6":"product_cat-kulonleges-hatterfalak","7":"desktop-align-center","8":"tablet-align-left","9":"mobile-align-left","11":"first","12":"instock","13":"sold-individually","14":"shipping-taxable","15":"product-type-simple"},"_links":{"self":[{"href":"https:\/\/fotoreklam.hu\/en\/wp-json\/wp\/v2\/product\/1409","targetHints":{"allow":["GET"]}}],"collection":[{"href":"https:\/\/fotoreklam.hu\/en\/wp-json\/wp\/v2\/product"}],"about":[{"href":"https:\/\/fotoreklam.hu\/en\/wp-json\/wp\/v2\/types\/product"}],"replies":[{"embeddable":true,"href":"https:\/\/fotoreklam.hu\/en\/wp-json\/wp\/v2\/comments?post=1409"}],"wp:featuredmedia":[{"embeddable":true,"href":"https:\/\/fotoreklam.hu\/en\/wp-json\/wp\/v2\/media\/1222"}],"wp:attachment":[{"href":"https:\/\/fotoreklam.hu\/en\/wp-json\/wp\/v2\/media?parent=1409"}],"wp:term":[{"taxonomy":"product_brand","embeddable":true,"href":"https:\/\/fotoreklam.hu\/en\/wp-json\/wp\/v2\/product_brand?post=1409"},{"taxonomy":"product_cat","embeddable":true,"href":"https:\/\/fotoreklam.hu\/en\/wp-json\/wp\/v2\/product_cat?post=1409"},{"taxonomy":"product_tag","embeddable":true,"href":"https:\/\/fotoreklam.hu\/en\/wp-json\/wp\/v2\/product_tag?post=1409"}],"curies":[{"name":"wp","href":"https:\/\/api.w.org\/{rel}","templated":true}]}}