{"id":1392,"date":"2023-12-05T13:16:59","date_gmt":"2023-12-05T12:16:59","guid":{"rendered":"https:\/\/uj.fotoreklam.hu\/termek\/v05-c-fal\/"},"modified":"2023-12-05T13:16:59","modified_gmt":"2023-12-05T12:16:59","slug":"v05-c-fal","status":"publish","type":"product","link":"https:\/\/fotoreklam.hu\/en\/product\/v05-c-fal\/","title":{"rendered":"V05 C-Fal"},"content":{"rendered":"<p>A C-fal display rendszer t\u00f6k\u00e9letes\u00a0prom\u00f3ci\u00f3s\u00a0megjelen\u00e9st ny\u00fajt a\u00a0folyos\u00f3kon,\u00a0kiss\u00e9 elszigetelve a teret a form\u00e1j\u00e1b\u00f3l ad\u00f3d\u00f3an. Az egyed\u00fcl\u00e1ll\u00f3\u00a0form\u00e1j\u00fa\u00a0falkialak\u00edt\u00e1s alum\u00ednium\u00a0elemekb\u0151l\u00a0\u00e1ll, amelyek intuit\u00edv m\u00f3don \u00e9s szersz\u00e1m n\u00e9lk\u00fcl csatlakoznak speci\u00e1lis klippek haszn\u00e1lat\u00e1val.<\/p>\n<p>B\u00e1r a szerkezet rendk\u00edv\u00fcl k\u00f6nny\u0171, a speci\u00e1lis anyagok felhaszn\u00e1l\u00e1s\u00e1nak k\u00f6sz\u00f6nhet\u0151en nagyon stabil \u00e9s tart\u00f3s\u00a0a C-fal. A szerkezet nyitott f\u00e9lk\u00f6rform\u00e1j\u00fara\u00a0van alak\u00edtva, amellyel l\u00e1tv\u00e1nyos megjelen\u00e9st \u00e9rhet\u00fcnk el\u00a0\u00e9s tov\u00e1bbi lehet\u0151s\u00e9geket teremt a haszn\u00e1lat\u00e1hoz\u00a0form\u00e1j\u00e1b\u00f3l ad\u00f3d\u00f3an, pl.\u00a0mint egy kompakt t\u00e1rgyal\u00f3terem.<\/p>\n<p>Grafika elhelyezhet\u0151 a fal mindk\u00e9t oldal\u00e1n. A gyors,\u00a0szersz\u00e1m n\u00e9lk\u00fcli \u00f6sszeszerel\u00e9s\u00a0lehet\u0151v\u00e9 teszi, hogy a rendszert a pop-up falak megfelel\u0151jek\u00e9nt haszn\u00e1lj\u00e1k.T\u00f6bbsz\u00f6r\u00f6smos\u00e1s \u00e9s vasal\u00e1s sem v\u00e1ltoztatja meg a sz\u00edn\u00a0tel\u00edtetts\u00e9g\u00e9t vagy\u00a0az anyag\u00a0min\u0151s\u00e9g\u00e9t.<\/p>\n<p>A modern formatervez\u00e9s, a teljes m\u00e9ret\u00e9re val\u00f3 nyomtat\u00e1s, a gyors \u00e9s egyszer\u0171 \u00f6sszeszerel\u00e9s,\u00a0\u00e9s\u00a0a keretnek a kiv\u00e1l\u00f3 min\u0151s\u00e9ge a\u00a0t\u00f6k\u00e9letesen\u00a0r\u00e1szabott sz\u00f6vettel\u00a0a term\u00e9k megk\u00e9rd\u0151jelezhetetlen el\u0151nyeit k\u00e9pzik.\u00a0A C-fal t\u00f6bb mindenre is felhaszn\u00e1lhat\u00f3 prom\u00f3ci\u00f3s eszk\u00f6z form\u00e1j\u00e1b\u00f3l ad\u00f3d\u00f3an.<\/p>\n<p>Az eg\u00e9sz\u00a0display rendszerhez\u00a0egy kicsi, eszt\u00e9tikus sz\u00e1ll\u00edt\u00f3t\u00e1sk\u00e1t adunk.<\/p>\n<p><strong>Size:<\/strong><\/p>\n<p>sz\u00e9less\u00e9g: 200 cm (legsz\u00e9lesebb pont)<\/p>\n<p>magass\u00e1g: 230 cm<\/p>\n<p>m\u00e9lys\u00e9g: 140 cm<\/p>\n<p><strong>Raw materials:<\/strong><\/p>\n<p>aluminum<br>\n\nroll-up film<\/p>\n<p>aluminum, polyester<\/p>","protected":false},"excerpt":{"rendered":"<p><a href=\"\/wp-content\/uploads\/teritekrajz\/v05cfal.pdf\" target=\"_blank\" rel=\"noopener\">[md_icon style=&#8221;outlined&#8221; icon=&#8221;md-picture_as_pdf&#8221;]<strong>Ter\u00edt\u00e9krajz let\u00f6lt\u00e9se <\/strong><\/a><\/p>\n<table>\n<thead>\n<tr>\n<td><img decoding=\"async\" title=\"Gyors \u00f6ssze\u00e1ll\u00edt\u00e1s\" src=\"https:\/\/fotovision.eu\/wp-content\/uploads\/ora.svg\" alt=\"Gyors \u00f6ssze\u00e1ll\u00edt\u00e1s\" width=\"60\" height=\"60\" \/><\/td>\n<td><img decoding=\"async\" title=\"K\u00f6nny\u0171 s\u00faly\" src=\"https:\/\/fotovision.eu\/wp-content\/uploads\/suly.svg\" alt=\"K\u00f6nny\u0171 s\u00faly\" width=\"60\" height=\"60\" \/><\/td>\n<td><img decoding=\"async\" title=\"Szerel\u00e9s n\u00e9lk\u00fcl \u00f6ssze\u00e1ll\u00edthat\u00f3\" src=\"https:\/\/fotovision.eu\/wp-content\/uploads\/szereles.svg\" alt=\"Szerel\u00e9s n\u00e9lk\u00fcl \u00f6ssze\u00e1ll\u00edthat\u00f3\" width=\"60\" height=\"60\" \/><\/td>\n<td><img loading=\"lazy\" decoding=\"async\" title=\"Kiterjesztett garancia\" src=\"https:\/\/fotovision.eu\/wp-content\/uploads\/pipa.svg\" alt=\"Kiterjesztett garancia\" width=\"60\" height=\"60\" \/><\/td>\n<\/tr>\n<\/thead>\n<\/table>\n","protected":false},"featured_media":1295,"comment_status":"closed","ping_status":"closed","template":"","meta":{"inline_featured_image":false,"site-sidebar-layout":"default","site-content-layout":"","ast-site-content-layout":"default","site-content-style":"default","site-sidebar-style":"default","ast-global-header-display":"","ast-banner-title-visibility":"","ast-main-header-display":"","ast-hfb-above-header-display":"","ast-hfb-below-header-display":"","ast-hfb-mobile-header-display":"","site-post-title":"","ast-breadcrumbs-content":"","ast-featured-img":"","footer-sml-layout":"","ast-disable-related-posts":"","theme-transparent-header-meta":"","adv-header-id-meta":"","stick-header-meta":"","header-above-stick-meta":"","header-main-stick-meta":"","header-below-stick-meta":"","astra-migrate-meta-layouts":"default","ast-page-background-enabled":"default","ast-page-background-meta":{"desktop":{"background-color":"var(--ast-global-color-4)","background-image":"","background-repeat":"repeat","background-position":"center center","background-size":"auto","background-attachment":"scroll","background-type":"","background-media":"","overlay-type":"","overlay-color":"","overlay-opacity":"","overlay-gradient":""},"tablet":{"background-color":"","background-image":"","background-repeat":"repeat","background-position":"center center","background-size":"auto","background-attachment":"scroll","background-type":"","background-media":"","overlay-type":"","overlay-color":"","overlay-opacity":"","overlay-gradient":""},"mobile":{"background-color":"","background-image":"","background-repeat":"repeat","background-position":"center center","background-size":"auto","background-attachment":"scroll","background-type":"","background-media":"","overlay-type":"","overlay-color":"","overlay-opacity":"","overlay-gradient":""}},"ast-content-background-meta":{"desktop":{"background-color":"var(--ast-global-color-5)","background-image":"","background-repeat":"repeat","background-position":"center center","background-size":"auto","background-attachment":"scroll","background-type":"","background-media":"","overlay-type":"","overlay-color":"","overlay-opacity":"","overlay-gradient":""},"tablet":{"background-color":"var(--ast-global-color-5)","background-image":"","background-repeat":"repeat","background-position":"center center","background-size":"auto","background-attachment":"scroll","background-type":"","background-media":"","overlay-type":"","overlay-color":"","overlay-opacity":"","overlay-gradient":""},"mobile":{"background-color":"var(--ast-global-color-5)","background-image":"","background-repeat":"repeat","background-position":"center center","background-size":"auto","background-attachment":"scroll","background-type":"","background-media":"","overlay-type":"","overlay-color":"","overlay-opacity":"","overlay-gradient":""}}},"product_brand":[],"product_cat":[22],"product_tag":[],"class_list":{"0":"post-1392","1":"product","2":"type-product","3":"status-publish","4":"has-post-thumbnail","6":"product_cat-sajtofalak","7":"desktop-align-center","8":"tablet-align-left","9":"mobile-align-left","11":"first","12":"instock","13":"sold-individually","14":"shipping-taxable","15":"product-type-simple"},"_links":{"self":[{"href":"https:\/\/fotoreklam.hu\/en\/wp-json\/wp\/v2\/product\/1392","targetHints":{"allow":["GET"]}}],"collection":[{"href":"https:\/\/fotoreklam.hu\/en\/wp-json\/wp\/v2\/product"}],"about":[{"href":"https:\/\/fotoreklam.hu\/en\/wp-json\/wp\/v2\/types\/product"}],"replies":[{"embeddable":true,"href":"https:\/\/fotoreklam.hu\/en\/wp-json\/wp\/v2\/comments?post=1392"}],"wp:featuredmedia":[{"embeddable":true,"href":"https:\/\/fotoreklam.hu\/en\/wp-json\/wp\/v2\/media\/1295"}],"wp:attachment":[{"href":"https:\/\/fotoreklam.hu\/en\/wp-json\/wp\/v2\/media?parent=1392"}],"wp:term":[{"taxonomy":"product_brand","embeddable":true,"href":"https:\/\/fotoreklam.hu\/en\/wp-json\/wp\/v2\/product_brand?post=1392"},{"taxonomy":"product_cat","embeddable":true,"href":"https:\/\/fotoreklam.hu\/en\/wp-json\/wp\/v2\/product_cat?post=1392"},{"taxonomy":"product_tag","embeddable":true,"href":"https:\/\/fotoreklam.hu\/en\/wp-json\/wp\/v2\/product_tag?post=1392"}],"curies":[{"name":"wp","href":"https:\/\/api.w.org\/{rel}","templated":true}]}}