{"id":1388,"date":"2023-12-05T13:16:58","date_gmt":"2023-12-05T12:16:58","guid":{"rendered":"https:\/\/uj.fotoreklam.hu\/termek\/v12-egyenes-fal\/"},"modified":"2023-12-06T18:06:52","modified_gmt":"2023-12-06T17:06:52","slug":"v12-egyenes-fal","status":"publish","type":"product","link":"https:\/\/fotoreklam.hu\/en\/product\/v12-egyenes-fal\/","title":{"rendered":"V12 STRAIGHT WALL"},"content":{"rendered":"<p>The straight wall is a multifunctional promotional product. It is characterized by modern, innovative design, light weight and excellent quality. Another advantage is quick and easy assembly. The fabric fits perfectly into the structure, without wrinkles and waves.\n\nThe frame consists of aluminum tubes connected by special clips. The elements connect intuitively and without tools. After the whole structure is built, we get a smooth surface \u2014 the surface of the material will be uniform.\n\nThe material is polyester fabric, on which the graphics you envision will be placed. Multiple washes and ironing do not change color saturation or fabric quality.\n\nA small, aesthetic carrying case is added to the entire display system.<span lang=\"en-US\">\u00f6bb<\/span>funkci\u00f3s<span lang=\"en-US\">\u00a0prom\u00f3ci\u00f3s term\u00e9k. Modern, innovat\u00edv design, k\u00f6nny\u0171 s\u00faly \u00e9s kiv\u00e1l\u00f3 min\u0151s\u00e9g jellemzi.\u00a0<\/span>Tov\u00e1bbi<span lang=\"en-US\">\u00a0el\u0151nye a gyors \u00e9s egyszer\u0171 \u00f6sszeszerel\u00e9s<\/span>.<span lang=\"en-US\">A sz\u00f6vet t\u00f6k\u00e9letesen illeszkedik a szerkezethez, r\u00e1ncok \u00e9s hull\u00e1mok n\u00e9lk\u00fcl.\u00a0<\/span><span lang=\"en-US\">A keret alum\u00ednium cs\u00f6vekb\u0151l \u00e1ll, amelyek speci\u00e1lis klipekkel vannak \u00f6sszek\u00f6tve. Az elemek intuit\u00edv m\u00f3don \u00e9s szersz\u00e1m n\u00e9lk\u00fcl csatlakoznak egym\u00e1shoz. Az eg\u00e9sz szerkezet fel\u00e9p\u00edt\u00e9se ut\u00e1n sima fel\u00fcletet\u00a0<\/span>kapunk<span lang=\"en-US\">&#8211;<\/span>az anyag fel\u00fclete egys\u00e9ges lesz. <span lang=\"en-US\">A<\/span>z anyaga\u00a0<span lang=\"en-US\">poli\u00e9szter sz\u00f6vet, amelyre\u00a0<\/span>az \u00d6n \u00e1ltal elk\u00e9pzelt grafika fog ker\u00fclni<span lang=\"en-US\">. \u00a0<\/span>T\u00f6bbsz\u00f6r\u00f6s<span lang=\"en-US\">\u00a0mos\u00e1s \u00e9s vasal\u00e1s sem v\u00e1ltoztatja meg a sz\u00edn<\/span><span lang=\"en-US\">\u00a0tel\u00edtetts\u00e9g\u00e9t vagy a<\/span><span lang=\"en-US\"> sz\u00f6vet min\u0151s\u00e9g\u00e9t.\u00a0<\/span><span lang=\"en-US\">Az eg\u00e9sz\u00a0<\/span>display rendszerhez\u00a0<span lang=\"en-US\">egy kicsi, eszt\u00e9tikus sz\u00e1ll\u00edt\u00f3t\u00e1sk\u00e1<\/span>t adunk<span lang=\"en-US\">.<\/span><\/p>\n<h4>Available sizes:<\/h4>\n<p class=\"translation-block\">Width: 300\/600 cm<br>\n\nHeight: 230 cm<br>\n\nDepth: 50 cm<\/p>\n<h4>Raw materials:<\/h4>\n<p>aluminum<br>\n\nroll-up film<br \/>\naluminum, polyester<\/p>","protected":false},"excerpt":{"rendered":"<p>The straight wall is a multifunctional promotional product. It is characterized by modern, innovative design, light weight and excellent quality. Another advantage is quick and easy assembly. The fabric fits perfectly into the structure, without wrinkles and waves.<\/p>\n<p>Quick setup<br \/>\nLight weight<br \/>\nCan be assembled without assembly<br \/>\nExtended guarantee<\/p>\n<h4><a href=\"https:\/\/fotoreklam.hu\/wp-content\/uploads\/teritekrajz\/v12egyenesfal.pdf\">Download a layout<\/a><\/h4>","protected":false},"featured_media":1270,"comment_status":"closed","ping_status":"closed","template":"","meta":{"inline_featured_image":false,"site-sidebar-layout":"default","site-content-layout":"","ast-site-content-layout":"default","site-content-style":"default","site-sidebar-style":"default","ast-global-header-display":"","ast-banner-title-visibility":"","ast-main-header-display":"","ast-hfb-above-header-display":"","ast-hfb-below-header-display":"","ast-hfb-mobile-header-display":"","site-post-title":"","ast-breadcrumbs-content":"","ast-featured-img":"","footer-sml-layout":"","ast-disable-related-posts":"","theme-transparent-header-meta":"default","adv-header-id-meta":"","stick-header-meta":"default","header-above-stick-meta":"","header-main-stick-meta":"","header-below-stick-meta":"","astra-migrate-meta-layouts":"set","ast-page-background-enabled":"default","ast-page-background-meta":{"desktop":{"background-color":"var(--ast-global-color-4)","background-image":"","background-repeat":"repeat","background-position":"center center","background-size":"auto","background-attachment":"scroll","background-type":"","background-media":"","overlay-type":"","overlay-color":"","overlay-opacity":"","overlay-gradient":""},"tablet":{"background-color":"","background-image":"","background-repeat":"repeat","background-position":"center center","background-size":"auto","background-attachment":"scroll","background-type":"","background-media":"","overlay-type":"","overlay-color":"","overlay-opacity":"","overlay-gradient":""},"mobile":{"background-color":"","background-image":"","background-repeat":"repeat","background-position":"center center","background-size":"auto","background-attachment":"scroll","background-type":"","background-media":"","overlay-type":"","overlay-color":"","overlay-opacity":"","overlay-gradient":""}},"ast-content-background-meta":{"desktop":{"background-color":"var(--ast-global-color-5)","background-image":"","background-repeat":"repeat","background-position":"center center","background-size":"auto","background-attachment":"scroll","background-type":"","background-media":"","overlay-type":"","overlay-color":"","overlay-opacity":"","overlay-gradient":""},"tablet":{"background-color":"var(--ast-global-color-5)","background-image":"","background-repeat":"repeat","background-position":"center center","background-size":"auto","background-attachment":"scroll","background-type":"","background-media":"","overlay-type":"","overlay-color":"","overlay-opacity":"","overlay-gradient":""},"mobile":{"background-color":"var(--ast-global-color-5)","background-image":"","background-repeat":"repeat","background-position":"center center","background-size":"auto","background-attachment":"scroll","background-type":"","background-media":"","overlay-type":"","overlay-color":"","overlay-opacity":"","overlay-gradient":""}}},"product_brand":[],"product_cat":[22],"product_tag":[],"class_list":{"0":"post-1388","1":"product","2":"type-product","3":"status-publish","4":"has-post-thumbnail","6":"product_cat-sajtofalak","7":"desktop-align-center","8":"tablet-align-left","9":"mobile-align-left","11":"first","12":"instock","13":"sold-individually","14":"shipping-taxable","15":"product-type-simple"},"_links":{"self":[{"href":"https:\/\/fotoreklam.hu\/en\/wp-json\/wp\/v2\/product\/1388","targetHints":{"allow":["GET"]}}],"collection":[{"href":"https:\/\/fotoreklam.hu\/en\/wp-json\/wp\/v2\/product"}],"about":[{"href":"https:\/\/fotoreklam.hu\/en\/wp-json\/wp\/v2\/types\/product"}],"replies":[{"embeddable":true,"href":"https:\/\/fotoreklam.hu\/en\/wp-json\/wp\/v2\/comments?post=1388"}],"wp:featuredmedia":[{"embeddable":true,"href":"https:\/\/fotoreklam.hu\/en\/wp-json\/wp\/v2\/media\/1270"}],"wp:attachment":[{"href":"https:\/\/fotoreklam.hu\/en\/wp-json\/wp\/v2\/media?parent=1388"}],"wp:term":[{"taxonomy":"product_brand","embeddable":true,"href":"https:\/\/fotoreklam.hu\/en\/wp-json\/wp\/v2\/product_brand?post=1388"},{"taxonomy":"product_cat","embeddable":true,"href":"https:\/\/fotoreklam.hu\/en\/wp-json\/wp\/v2\/product_cat?post=1388"},{"taxonomy":"product_tag","embeddable":true,"href":"https:\/\/fotoreklam.hu\/en\/wp-json\/wp\/v2\/product_tag?post=1388"}],"curies":[{"name":"wp","href":"https:\/\/api.w.org\/{rel}","templated":true}]}}