{"id":859,"date":"2023-12-03T14:15:52","date_gmt":"2023-12-03T13:15:52","guid":{"rendered":"https:\/\/uj.fotoreklam.hu\/?page_id=859"},"modified":"2024-02-26T15:54:32","modified_gmt":"2024-02-26T14:54:32","slug":"foto-reklam-geppark","status":"publish","type":"page","link":"https:\/\/fotoreklam.hu\/en\/foto-reklam-geppark\/","title":{"rendered":"Foto Rekl\u00e1m g\u00e9ppark"},"content":{"rendered":"\t\t<div data-elementor-type=\"wp-page\" data-elementor-id=\"859\" class=\"elementor elementor-859\" data-elementor-post-type=\"page\">\n\t\t\t\t<div class=\"elementor-element elementor-element-e4a3885 e-con-full e-flex e-con e-parent\" data-id=\"e4a3885\" data-element_type=\"container\" data-e-type=\"container\" data-settings=\"{&quot;background_background&quot;:&quot;slideshow&quot;,&quot;background_slideshow_gallery&quot;:[{&quot;id&quot;:974,&quot;url&quot;:&quot;https:\\\/\\\/fotoreklam.hu\\\/wp-content\\\/uploads\\\/2023\\\/12\\\/digitalis-nyomda-header-nagy-015.webp&quot;}],&quot;background_slideshow_transition_duration&quot;:0,&quot;background_slideshow_ken_burns&quot;:&quot;yes&quot;,&quot;background_slideshow_slide_transition&quot;:&quot;fade&quot;,&quot;background_slideshow_ken_burns_zoom_direction&quot;:&quot;in&quot;}\">\n\t\t<div class=\"elementor-element elementor-element-f82b655 e-flex e-con-boxed e-con e-child\" data-id=\"f82b655\" data-element_type=\"container\" data-e-type=\"container\">\n\t\t\t\t\t<div class=\"e-con-inner\">\n\t\t<div class=\"elementor-element elementor-element-6fc6d6e e-con-full e-flex e-con e-child\" data-id=\"6fc6d6e\" data-element_type=\"container\" data-e-type=\"container\">\n\t\t\t\t<div class=\"elementor-element elementor-element-998e201 animated-fast elementor-invisible elementor-widget elementor-widget-heading\" data-id=\"998e201\" data-element_type=\"widget\" data-e-type=\"widget\" data-settings=\"{&quot;_animation&quot;:&quot;slideInUp&quot;}\" data-widget_type=\"heading.default\">\n\t\t\t\t<div class=\"elementor-widget-container\">\n\t\t\t\t\t<h1 class=\"elementor-heading-title elementor-size-default\">G\u00e9ppark<\/h1>\t\t\t\t<\/div>\n\t\t\t\t<\/div>\n\t\t\t\t<\/div>\n\t\t<div class=\"elementor-element elementor-element-ed255a3 e-con-full e-flex e-con e-child\" data-id=\"ed255a3\" data-element_type=\"container\" data-e-type=\"container\">\n\t\t\t\t<div class=\"elementor-element elementor-element-ae06b5b elementor-widget elementor-widget-text-editor\" data-id=\"ae06b5b\" data-element_type=\"widget\" data-e-type=\"widget\" data-widget_type=\"text-editor.default\">\n\t\t\t\t<div class=\"elementor-widget-container\">\n\t\t\t\t\t\t\t\t\t<p>Korszer\u0171 \u00e9s profeszion\u00e1lis g\u00e9peinkkel t\u00f6k\u00e9letesen megval\u00f3s\u00edthat\u00f3 b\u00e1rmilyen elk\u00e9pzel\u00e9s, ak\u00e1r a legvadabb \u00e1lmok is.<\/p>\t\t\t\t\t\t\t\t<\/div>\n\t\t\t\t<\/div>\n\t\t\t\t<div class=\"elementor-element elementor-element-144c717 elementor-view-default elementor-widget elementor-widget-icon\" data-id=\"144c717\" data-element_type=\"widget\" data-e-type=\"widget\" data-widget_type=\"icon.default\">\n\t\t\t\t<div class=\"elementor-widget-container\">\n\t\t\t\t\t\t\t<div class=\"elementor-icon-wrapper\">\n\t\t\t<div class=\"elementor-icon\">\n\t\t\t<svg aria-hidden=\"true\" class=\"e-font-icon-svg e-far-arrow-alt-circle-down\" viewBox=\"0 0 512 512\" xmlns=\"http:\/\/www.w3.org\/2000\/svg\"><path d=\"M256 8C119 8 8 119 8 256s111 248 248 248 248-111 248-248S393 8 256 8zm0 448c-110.5 0-200-89.5-200-200S145.5 56 256 56s200 89.5 200 200-89.5 200-200 200zm-32-316v116h-67c-10.7 0-16 12.9-8.5 20.5l99 99c4.7 4.7 12.3 4.7 17 0l99-99c7.6-7.6 2.2-20.5-8.5-20.5h-67V140c0-6.6-5.4-12-12-12h-40c-6.6 0-12 5.4-12 12z\"><\/path><\/svg>\t\t\t<\/div>\n\t\t<\/div>\n\t\t\t\t\t\t<\/div>\n\t\t\t\t<\/div>\n\t\t\t\t<\/div>\n\t\t\t\t\t<\/div>\n\t\t\t\t<\/div>\n\t\t\t\t<\/div>\n\t\t<div class=\"elementor-element elementor-element-b0b2ee9 e-con-full elementor-hidden-tablet elementor-hidden-mobile e-flex e-con e-parent\" data-id=\"b0b2ee9\" data-element_type=\"container\" data-e-type=\"container\" data-settings=\"{&quot;background_background&quot;:&quot;classic&quot;}\">\n\t\t\t\t<div class=\"elementor-element elementor-element-f28bdc3 elementor-widget elementor-widget-heading\" data-id=\"f28bdc3\" data-element_type=\"widget\" data-e-type=\"widget\" data-widget_type=\"heading.default\">\n\t\t\t\t<div class=\"elementor-widget-container\">\n\t\t\t\t\t<p class=\"elementor-heading-title elementor-size-default\">- Dekor\u00e1ci\u00f3 | Digit\u00e1lis nyomda | Rekl\u00e1maj\u00e1nd\u00e9k | Marketing | GRAFIKA | 3D feliratoz\u00e1s | Ki\u00e1ll\u00edt\u00e1s technika -<\/p>\t\t\t\t<\/div>\n\t\t\t\t<\/div>\n\t\t\t\t<\/div>\n\t\t<div class=\"elementor-element elementor-element-9601db6 e-flex e-con-boxed e-con e-parent\" data-id=\"9601db6\" data-element_type=\"container\" data-e-type=\"container\" data-settings=\"{&quot;background_background&quot;:&quot;classic&quot;}\">\n\t\t\t\t\t<div class=\"e-con-inner\">\n\t\t<div class=\"elementor-element elementor-element-fb62b69 e-con-full e-flex e-con e-child\" data-id=\"fb62b69\" data-element_type=\"container\" data-e-type=\"container\">\n\t\t<div class=\"elementor-element elementor-element-58ad9c6 e-con-full elementor-hidden-tablet elementor-hidden-mobile e-flex e-con e-child\" data-id=\"58ad9c6\" data-element_type=\"container\" data-e-type=\"container\">\n\t\t\t\t<\/div>\n\t\t<div class=\"elementor-element elementor-element-cbc474d e-con-full e-flex e-con e-child\" data-id=\"cbc474d\" data-element_type=\"container\" data-e-type=\"container\">\n\t\t\t\t<div class=\"elementor-element elementor-element-9007680 elementor-widget elementor-widget-image\" data-id=\"9007680\" data-element_type=\"widget\" data-e-type=\"widget\" data-widget_type=\"image.default\">\n\t\t\t\t<div class=\"elementor-widget-container\">\n\t\t\t\t\t\t\t\t\t\t\t\t\t\t\t<img decoding=\"async\" width=\"247\" height=\"58\" src=\"https:\/\/fotoreklam.hu\/wp-content\/uploads\/2023\/12\/mimaki-logo-001.png\" class=\"attachment-full size-full wp-image-777\" alt=\"mimaki logo 001\" srcset=\"https:\/\/fotoreklam.hu\/wp-content\/uploads\/2023\/12\/mimaki-logo-001.png 247w, https:\/\/fotoreklam.hu\/wp-content\/uploads\/2023\/12\/mimaki-logo-001-18x4.png 18w\" sizes=\"(max-width: 247px) 100vw, 247px\" \/>\t\t\t\t\t\t\t\t\t\t\t\t\t\t\t<\/div>\n\t\t\t\t<\/div>\n\t\t\t\t<\/div>\n\t\t<div class=\"elementor-element elementor-element-4b74de2 e-con-full e-flex e-con e-child\" data-id=\"4b74de2\" data-element_type=\"container\" data-e-type=\"container\">\n\t\t\t\t<div class=\"elementor-element elementor-element-6bd6856 elementor-widget elementor-widget-image\" data-id=\"6bd6856\" data-element_type=\"widget\" data-e-type=\"widget\" data-widget_type=\"image.default\">\n\t\t\t\t<div class=\"elementor-widget-container\">\n\t\t\t\t\t\t\t\t\t\t\t\t\t\t\t<img decoding=\"async\" width=\"247\" height=\"58\" src=\"https:\/\/fotoreklam.hu\/wp-content\/uploads\/2023\/12\/epson-logo-001.png\" class=\"attachment-full size-full wp-image-776\" alt=\"epson logo 001\" srcset=\"https:\/\/fotoreklam.hu\/wp-content\/uploads\/2023\/12\/epson-logo-001.png 247w, https:\/\/fotoreklam.hu\/wp-content\/uploads\/2023\/12\/epson-logo-001-18x4.png 18w\" sizes=\"(max-width: 247px) 100vw, 247px\" \/>\t\t\t\t\t\t\t\t\t\t\t\t\t\t\t<\/div>\n\t\t\t\t<\/div>\n\t\t\t\t<\/div>\n\t\t<div class=\"elementor-element elementor-element-621e288 e-con-full e-flex e-con e-child\" data-id=\"621e288\" data-element_type=\"container\" data-e-type=\"container\">\n\t\t\t\t<div class=\"elementor-element elementor-element-a062d75 elementor-widget elementor-widget-image\" data-id=\"a062d75\" data-element_type=\"widget\" data-e-type=\"widget\" data-widget_type=\"image.default\">\n\t\t\t\t<div class=\"elementor-widget-container\">\n\t\t\t\t\t\t\t\t\t\t\t\t\t\t\t<img decoding=\"async\" width=\"247\" height=\"58\" src=\"https:\/\/fotoreklam.hu\/wp-content\/uploads\/2023\/12\/canon-logo-001.png\" class=\"attachment-full size-full wp-image-775\" alt=\"\" srcset=\"https:\/\/fotoreklam.hu\/wp-content\/uploads\/2023\/12\/canon-logo-001.png 247w, https:\/\/fotoreklam.hu\/wp-content\/uploads\/2023\/12\/canon-logo-001-18x4.png 18w\" sizes=\"(max-width: 247px) 100vw, 247px\" \/>\t\t\t\t\t\t\t\t\t\t\t\t\t\t\t<\/div>\n\t\t\t\t<\/div>\n\t\t\t\t<\/div>\n\t\t<div class=\"elementor-element elementor-element-3a95e9f e-con-full e-flex e-con e-child\" data-id=\"3a95e9f\" data-element_type=\"container\" data-e-type=\"container\">\n\t\t\t\t<div class=\"elementor-element elementor-element-a079327 elementor-widget elementor-widget-image\" data-id=\"a079327\" data-element_type=\"widget\" data-e-type=\"widget\" data-widget_type=\"image.default\">\n\t\t\t\t<div class=\"elementor-widget-container\">\n\t\t\t\t\t\t\t\t\t\t\t\t\t\t\t<img loading=\"lazy\" decoding=\"async\" width=\"247\" height=\"58\" src=\"https:\/\/fotoreklam.hu\/wp-content\/uploads\/2023\/12\/swiss-logo-001.png\" class=\"attachment-full size-full wp-image-778\" alt=\"swiss logo 001\" srcset=\"https:\/\/fotoreklam.hu\/wp-content\/uploads\/2023\/12\/swiss-logo-001.png 247w, https:\/\/fotoreklam.hu\/wp-content\/uploads\/2023\/12\/swiss-logo-001-18x4.png 18w\" sizes=\"(max-width: 247px) 100vw, 247px\" \/>\t\t\t\t\t\t\t\t\t\t\t\t\t\t\t<\/div>\n\t\t\t\t<\/div>\n\t\t\t\t<\/div>\n\t\t<div class=\"elementor-element elementor-element-ca0ef0a e-con-full elementor-hidden-tablet elementor-hidden-mobile e-flex e-con e-child\" data-id=\"ca0ef0a\" data-element_type=\"container\" data-e-type=\"container\">\n\t\t\t\t<\/div>\n\t\t\t\t<\/div>\n\t\t\t\t\t<\/div>\n\t\t\t\t<\/div>\n\t\t<div class=\"elementor-element elementor-element-2689407 e-flex e-con-boxed e-con e-parent\" data-id=\"2689407\" data-element_type=\"container\" data-e-type=\"container\">\n\t\t\t\t\t<div class=\"e-con-inner\">\n\t\t\t\t<div class=\"elementor-element elementor-element-be809d4 elementor-widget elementor-widget-image\" data-id=\"be809d4\" data-element_type=\"widget\" data-e-type=\"widget\" data-widget_type=\"image.default\">\n\t\t\t\t<div class=\"elementor-widget-container\">\n\t\t\t\t\t\t\t\t\t\t\t\t\t\t\t<img loading=\"lazy\" decoding=\"async\" width=\"1147\" height=\"672\" src=\"https:\/\/fotoreklam.hu\/wp-content\/uploads\/2023\/12\/swissqprint-image-002.webp\" class=\"attachment-full size-full wp-image-863\" alt=\"swissqprint image 002\" srcset=\"https:\/\/fotoreklam.hu\/wp-content\/uploads\/2023\/12\/swissqprint-image-002.webp 1147w, https:\/\/fotoreklam.hu\/wp-content\/uploads\/2023\/12\/swissqprint-image-002-800x469.webp 800w, https:\/\/fotoreklam.hu\/wp-content\/uploads\/2023\/12\/swissqprint-image-002-18x12.webp 18w, https:\/\/fotoreklam.hu\/wp-content\/uploads\/2023\/12\/swissqprint-image-002-768x450.webp 768w, https:\/\/fotoreklam.hu\/wp-content\/uploads\/2023\/12\/swissqprint-image-002-300x176.webp 300w, https:\/\/fotoreklam.hu\/wp-content\/uploads\/2023\/12\/swissqprint-image-002-1024x600.webp 1024w\" sizes=\"(max-width: 1147px) 100vw, 1147px\" \/>\t\t\t\t\t\t\t\t\t\t\t\t\t\t\t<\/div>\n\t\t\t\t<\/div>\n\t\t\t\t\t<\/div>\n\t\t\t\t<\/div>\n\t\t<div class=\"elementor-element elementor-element-07ce650 e-flex e-con-boxed e-con e-parent\" data-id=\"07ce650\" data-element_type=\"container\" data-e-type=\"container\">\n\t\t\t\t\t<div class=\"e-con-inner\">\n\t\t\t\t<div class=\"elementor-element elementor-element-83f8b52 elementor-widget elementor-widget-heading\" data-id=\"83f8b52\" data-element_type=\"widget\" data-e-type=\"widget\" data-widget_type=\"heading.default\">\n\t\t\t\t<div class=\"elementor-widget-container\">\n\t\t\t\t\t<h3 class=\"elementor-heading-title elementor-size-default\">NYOMTAT\u00d3K<\/h3>\t\t\t\t<\/div>\n\t\t\t\t<\/div>\n\t\t\t\t<div class=\"elementor-element elementor-element-bf1da4c elementor-widget elementor-widget-text-editor\" data-id=\"bf1da4c\" data-element_type=\"widget\" data-e-type=\"widget\" data-widget_type=\"text-editor.default\">\n\t\t\t\t<div class=\"elementor-widget-container\">\n\t\t\t\t\t\t\t\t\t<p style=\"text-align: center;\">160cm sz\u00e9les Canon Colorado | 160cm sz\u00e9les Epson 10 sz\u00edn | MIMAKI 25 130-as asztal | SwissQ Nyala nyomtat\u00f3| Minolta digit\u00e1lis nyomda SRA 3<\/p>\t\t\t\t\t\t\t\t<\/div>\n\t\t\t\t<\/div>\n\t\t\t\t<div class=\"elementor-element elementor-element-4ad84ac elementor-widget elementor-widget-text-editor\" data-id=\"4ad84ac\" data-element_type=\"widget\" data-e-type=\"widget\" data-widget_type=\"text-editor.default\">\n\t\t\t\t<div class=\"elementor-widget-container\">\n\t\t\t\t\t\t\t\t\t<p style=\"text-align: center;\">150 wattos 100&#215;160 l\u00e9zer | 150 wattos 130xx.250-es l\u00e9zer | 130x.250-es CNC mar\u00f3 automata | 195x.400-as t\u00e1blafeloszt\u00f3 | 3D nyomat\u00f3k | Speci\u00e1lis sapka vasal\u00f3 g\u00e9p 2db | S\u00edk h\u0151pr\u00e9s | Komplett fest\u00e9k kever\u0151 rendszer \u00e9s fest\u0151kabin | 2db 160-as hideg\/meleg lamin\u00e1l\u00f3 | Komplett k\u00f6t\u00e9szeti g\u00e9psor | 40x.40 CNC mar\u00f3 klis\u00e9 k\u00e9sz\u00edt\u00e9shez | 160-as turb\u00f3 plotter | 130-as plotter<\/p>\t\t\t\t\t\t\t\t<\/div>\n\t\t\t\t<\/div>\n\t\t\t\t\t<\/div>\n\t\t\t\t<\/div>\n\t\t<div class=\"elementor-element elementor-element-4ec357c e-flex e-con-boxed e-con e-parent\" data-id=\"4ec357c\" data-element_type=\"container\" data-e-type=\"container\">\n\t\t\t\t\t<div class=\"e-con-inner\">\n\t\t\t\t<div class=\"elementor-element elementor-element-f2af731 elementor-widget elementor-widget-image\" data-id=\"f2af731\" data-element_type=\"widget\" data-e-type=\"widget\" data-widget_type=\"image.default\">\n\t\t\t\t<div class=\"elementor-widget-container\">\n\t\t\t\t\t\t\t\t\t\t\t\t\t\t\t<img loading=\"lazy\" decoding=\"async\" width=\"1147\" height=\"440\" src=\"https:\/\/fotoreklam.hu\/wp-content\/uploads\/2023\/12\/canon-image-001.webp\" class=\"attachment-full size-full wp-image-861\" alt=\"canon image 001\" srcset=\"https:\/\/fotoreklam.hu\/wp-content\/uploads\/2023\/12\/canon-image-001.webp 1147w, https:\/\/fotoreklam.hu\/wp-content\/uploads\/2023\/12\/canon-image-001-800x307.webp 800w, https:\/\/fotoreklam.hu\/wp-content\/uploads\/2023\/12\/canon-image-001-18x7.webp 18w, https:\/\/fotoreklam.hu\/wp-content\/uploads\/2023\/12\/canon-image-001-768x295.webp 768w, https:\/\/fotoreklam.hu\/wp-content\/uploads\/2023\/12\/canon-image-001-300x115.webp 300w, https:\/\/fotoreklam.hu\/wp-content\/uploads\/2023\/12\/canon-image-001-1024x393.webp 1024w\" sizes=\"(max-width: 1147px) 100vw, 1147px\" \/>\t\t\t\t\t\t\t\t\t\t\t\t\t\t\t<\/div>\n\t\t\t\t<\/div>\n\t\t\t\t\t<\/div>\n\t\t\t\t<\/div>\n\t\t<div class=\"elementor-element elementor-element-6704a88 e-flex e-con-boxed e-con e-parent\" data-id=\"6704a88\" data-element_type=\"container\" data-e-type=\"container\">\n\t\t\t\t\t<div class=\"e-con-inner\">\n\t\t\t\t<div class=\"elementor-element elementor-element-cca9213 elementor-widget elementor-widget-image\" data-id=\"cca9213\" data-element_type=\"widget\" data-e-type=\"widget\" data-widget_type=\"image.default\">\n\t\t\t\t<div class=\"elementor-widget-container\">\n\t\t\t\t\t\t\t\t\t\t\t\t\t\t\t<img loading=\"lazy\" decoding=\"async\" width=\"1147\" height=\"440\" src=\"https:\/\/fotoreklam.hu\/wp-content\/uploads\/2023\/12\/swissqprint-image-001.webp\" class=\"attachment-full size-full wp-image-774\" alt=\"swissqprint image 001\" srcset=\"https:\/\/fotoreklam.hu\/wp-content\/uploads\/2023\/12\/swissqprint-image-001.webp 1147w, https:\/\/fotoreklam.hu\/wp-content\/uploads\/2023\/12\/swissqprint-image-001-800x307.webp 800w, https:\/\/fotoreklam.hu\/wp-content\/uploads\/2023\/12\/swissqprint-image-001-18x7.webp 18w, https:\/\/fotoreklam.hu\/wp-content\/uploads\/2023\/12\/swissqprint-image-001-768x295.webp 768w, https:\/\/fotoreklam.hu\/wp-content\/uploads\/2023\/12\/swissqprint-image-001-300x115.webp 300w, https:\/\/fotoreklam.hu\/wp-content\/uploads\/2023\/12\/swissqprint-image-001-1024x393.webp 1024w\" sizes=\"(max-width: 1147px) 100vw, 1147px\" \/>\t\t\t\t\t\t\t\t\t\t\t\t\t\t\t<\/div>\n\t\t\t\t<\/div>\n\t\t\t\t\t<\/div>\n\t\t\t\t<\/div>\n\t\t<div class=\"elementor-element elementor-element-0ca7c30 e-con-full e-flex e-con e-parent\" data-id=\"0ca7c30\" data-element_type=\"container\" data-e-type=\"container\" data-settings=\"{&quot;background_background&quot;:&quot;classic&quot;}\">\n\t\t<div class=\"elementor-element elementor-element-4ab9ccb e-con-full e-flex e-con e-child\" data-id=\"4ab9ccb\" data-element_type=\"container\" data-e-type=\"container\" data-settings=\"{&quot;background_background&quot;:&quot;classic&quot;}\">\n\t\t\t\t<div class=\"elementor-element elementor-element-105316a elementor-widget elementor-widget-image\" data-id=\"105316a\" data-element_type=\"widget\" data-e-type=\"widget\" data-widget_type=\"image.default\">\n\t\t\t\t<div class=\"elementor-widget-container\">\n\t\t\t\t\t\t\t\t\t\t\t\t\t\t\t<img loading=\"lazy\" decoding=\"async\" width=\"250\" height=\"137\" src=\"https:\/\/fotoreklam.hu\/wp-content\/uploads\/2024\/02\/FOTO_reklam_logo_2023.svg\" class=\"attachment-large size-large wp-image-2563\" alt=\"FOTO reklam logo 2023\" \/>\t\t\t\t\t\t\t\t\t\t\t\t\t\t\t<\/div>\n\t\t\t\t<\/div>\n\t\t\t\t<div class=\"elementor-element elementor-element-874c07b elementor-widget elementor-widget-text-editor\" data-id=\"874c07b\" data-element_type=\"widget\" data-e-type=\"widget\" data-widget_type=\"text-editor.default\">\n\t\t\t\t<div class=\"elementor-widget-container\">\n\t\t\t\t\t\t\t\t\t<p>Professzion\u00e1lis g\u00e9pparkunk \u00e9s rutinos,<br \/>hozz\u00e1\u00e9rt\u0151 csapatunk lesz a seg\u00edts\u00e9gedre.<\/p>\t\t\t\t\t\t\t\t<\/div>\n\t\t\t\t<\/div>\n\t\t\t\t<div class=\"elementor-element elementor-element-cbbdd4e elementor-widget elementor-widget-button\" data-id=\"cbbdd4e\" data-element_type=\"widget\" data-e-type=\"widget\" data-widget_type=\"button.default\">\n\t\t\t\t<div class=\"elementor-widget-container\">\n\t\t\t\t\t\t\t\t\t<div class=\"elementor-button-wrapper\">\n\t\t\t\t\t<a class=\"elementor-button elementor-button-link elementor-size-sm\" href=\"https:\/\/fotoreklam.hu\/elerhetosegek\/\">\n\t\t\t\t\t\t<span class=\"elementor-button-content-wrapper\">\n\t\t\t\t\t\t\t\t\t<span class=\"elementor-button-text\">El\u00e9rhet\u0151s\u00e9geink<\/span>\n\t\t\t\t\t<\/span>\n\t\t\t\t\t<\/a>\n\t\t\t\t<\/div>\n\t\t\t\t\t\t\t\t<\/div>\n\t\t\t\t<\/div>\n\t\t\t\t<\/div>\n\t\t<div class=\"elementor-element elementor-element-45e1d1c e-con-full e-flex e-con e-child\" data-id=\"45e1d1c\" data-element_type=\"container\" data-e-type=\"container\" data-settings=\"{&quot;background_background&quot;:&quot;classic&quot;}\">\n\t\t\t\t<div class=\"elementor-element elementor-element-219c121 elementor-widget elementor-widget-heading\" data-id=\"219c121\" data-element_type=\"widget\" data-e-type=\"widget\" data-widget_type=\"heading.default\">\n\t\t\t\t<div class=\"elementor-widget-container\">\n\t\t\t\t\t<h2 class=\"elementor-heading-title elementor-size-default\">sz\u00ednezd ki<br>a vil\u00e1got<\/h2>\t\t\t\t<\/div>\n\t\t\t\t<\/div>\n\t\t\t\t<div class=\"elementor-element elementor-element-9943f1f elementor-widget elementor-widget-heading\" data-id=\"9943f1f\" data-element_type=\"widget\" data-e-type=\"widget\" data-widget_type=\"heading.default\">\n\t\t\t\t<div class=\"elementor-widget-container\">\n\t\t\t\t\t<h2 class=\"elementor-heading-title elementor-size-default\">SEG\u00cdT\u00dcNK BENNE<\/h2>\t\t\t\t<\/div>\n\t\t\t\t<\/div>\n\t\t\t\t<\/div>\n\t\t<div class=\"elementor-element elementor-element-59742fb e-con-full elementor-hidden-tablet elementor-hidden-mobile e-flex e-con e-child\" data-id=\"59742fb\" data-element_type=\"container\" data-e-type=\"container\" data-settings=\"{&quot;background_background&quot;:&quot;classic&quot;}\">\n\t\t\t\t<\/div>\n\t\t\t\t<\/div>\n\t\t\t\t<\/div>\n\t\t","protected":false},"excerpt":{"rendered":"<p>G\u00e9ppark Korszer\u0171 \u00e9s profeszion\u00e1lis g\u00e9peinkkel t\u00f6k\u00e9letesen megval\u00f3s\u00edthat\u00f3 b\u00e1rmilyen elk\u00e9pzel\u00e9s, ak\u00e1r a legvadabb \u00e1lmok is. &#8211; Dekor\u00e1ci\u00f3 | Digit\u00e1lis nyomda | Rekl\u00e1maj\u00e1nd\u00e9k | Marketing | GRAFIKA | 3D feliratoz\u00e1s | Ki\u00e1ll\u00edt\u00e1s technika &#8211; NYOMTAT\u00d3K 160cm sz\u00e9les Canon Colorado | 160cm sz\u00e9les Epson 10 sz\u00edn | MIMAKI 25 130-as asztal | SwissQ Nyala nyomtat\u00f3| Minolta digit\u00e1lis nyomda [&hellip;]<\/p>\n","protected":false},"author":1,"featured_media":0,"parent":0,"menu_order":0,"comment_status":"closed","ping_status":"closed","template":"","meta":{"inline_featured_image":false,"site-sidebar-layout":"no-sidebar","site-content-layout":"","ast-site-content-layout":"full-width-container","site-content-style":"default","site-sidebar-style":"default","ast-global-header-display":"","ast-banner-title-visibility":"","ast-main-header-display":"","ast-hfb-above-header-display":"","ast-hfb-below-header-display":"","ast-hfb-mobile-header-display":"","site-post-title":"disabled","ast-breadcrumbs-content":"","ast-featured-img":"disabled","footer-sml-layout":"","ast-disable-related-posts":"","theme-transparent-header-meta":"default","adv-header-id-meta":"","stick-header-meta":"default","header-above-stick-meta":"","header-main-stick-meta":"","header-below-stick-meta":"","astra-migrate-meta-layouts":"set","ast-page-background-enabled":"default","ast-page-background-meta":{"desktop":{"background-color":"var(--ast-global-color-4)","background-image":"","background-repeat":"repeat","background-position":"center center","background-size":"auto","background-attachment":"scroll","background-type":"","background-media":"","overlay-type":"","overlay-color":"","overlay-opacity":"","overlay-gradient":""},"tablet":{"background-color":"","background-image":"","background-repeat":"repeat","background-position":"center center","background-size":"auto","background-attachment":"scroll","background-type":"","background-media":"","overlay-type":"","overlay-color":"","overlay-opacity":"","overlay-gradient":""},"mobile":{"background-color":"","background-image":"","background-repeat":"repeat","background-position":"center center","background-size":"auto","background-attachment":"scroll","background-type":"","background-media":"","overlay-type":"","overlay-color":"","overlay-opacity":"","overlay-gradient":""}},"ast-content-background-meta":{"desktop":{"background-color":"var(--ast-global-color-5)","background-image":"","background-repeat":"repeat","background-position":"center center","background-size":"auto","background-attachment":"scroll","background-type":"","background-media":"","overlay-type":"","overlay-color":"","overlay-opacity":"","overlay-gradient":""},"tablet":{"background-color":"var(--ast-global-color-5)","background-image":"","background-repeat":"repeat","background-position":"center center","background-size":"auto","background-attachment":"scroll","background-type":"","background-media":"","overlay-type":"","overlay-color":"","overlay-opacity":"","overlay-gradient":""},"mobile":{"background-color":"var(--ast-global-color-5)","background-image":"","background-repeat":"repeat","background-position":"center center","background-size":"auto","background-attachment":"scroll","background-type":"","background-media":"","overlay-type":"","overlay-color":"","overlay-opacity":"","overlay-gradient":""}},"footnotes":""},"class_list":["post-859","page","type-page","status-publish","hentry"],"_links":{"self":[{"href":"https:\/\/fotoreklam.hu\/en\/wp-json\/wp\/v2\/pages\/859","targetHints":{"allow":["GET"]}}],"collection":[{"href":"https:\/\/fotoreklam.hu\/en\/wp-json\/wp\/v2\/pages"}],"about":[{"href":"https:\/\/fotoreklam.hu\/en\/wp-json\/wp\/v2\/types\/page"}],"author":[{"embeddable":true,"href":"https:\/\/fotoreklam.hu\/en\/wp-json\/wp\/v2\/users\/1"}],"replies":[{"embeddable":true,"href":"https:\/\/fotoreklam.hu\/en\/wp-json\/wp\/v2\/comments?post=859"}],"version-history":[{"count":9,"href":"https:\/\/fotoreklam.hu\/en\/wp-json\/wp\/v2\/pages\/859\/revisions"}],"predecessor-version":[{"id":2656,"href":"https:\/\/fotoreklam.hu\/en\/wp-json\/wp\/v2\/pages\/859\/revisions\/2656"}],"wp:attachment":[{"href":"https:\/\/fotoreklam.hu\/en\/wp-json\/wp\/v2\/media?parent=859"}],"curies":[{"name":"wp","href":"https:\/\/api.w.org\/{rel}","templated":true}]}}