{"id":2818,"date":"2024-12-04T11:55:40","date_gmt":"2024-12-04T10:55:40","guid":{"rendered":"https:\/\/fotoreklam.hu\/?page_id=2818"},"modified":"2024-12-04T11:57:56","modified_gmt":"2024-12-04T10:57:56","slug":"foto-reklamugynokseg-kft-ginop-5-3-12-19-2020-00618-sz-projekt","status":"publish","type":"page","link":"https:\/\/fotoreklam.hu\/en\/foto-reklamugynokseg-kft-ginop-5-3-12-19-2020-00618-sz-projekt\/","title":{"rendered":"Fot\u00f3 Rekl\u00e1m\u00fcgyn\u00f6ks\u00e9g Kft GINOP-5.3.12-19-2020-00618 sz. projekt"},"content":{"rendered":"<div data-elementor-type=\"wp-page\" data-elementor-id=\"2818\" class=\"elementor elementor-2818\" data-elementor-post-type=\"page\">\n\t\t\t\t<div class=\"elementor-element elementor-element-4a76a5f e-flex e-con-boxed e-con e-parent\" data-id=\"4a76a5f\" data-element_type=\"container\" data-e-type=\"container\">\n\t\t\t\t\t<div class=\"e-con-inner\">\n\t\t<div class=\"elementor-element elementor-element-e02c1b7 e-con-full e-flex e-con e-child\" data-id=\"e02c1b7\" data-element_type=\"container\" data-e-type=\"container\">\n\t\t\t\t<\/div>\n\t\t<div class=\"elementor-element elementor-element-cf62aac e-con-full e-flex e-con e-child\" data-id=\"cf62aac\" data-element_type=\"container\" data-e-type=\"container\">\n\t\t\t\t<div class=\"elementor-element elementor-element-9788c54 elementor-widget elementor-widget-heading\" data-id=\"9788c54\" data-element_type=\"widget\" data-e-type=\"widget\" data-widget_type=\"heading.default\">\n\t\t\t\t<div class=\"elementor-widget-container\">\n\t\t\t\t\t<h2 class=\"elementor-heading-title elementor-size-default\">Sz\u00e9chenyi 2020<\/h2>\t\t\t\t<\/div>\n\t\t\t\t<\/div>\n\t\t\t\t<div class=\"elementor-element elementor-element-724d04c elementor-widget elementor-widget-text-editor\" data-id=\"724d04c\" data-element_type=\"widget\" data-e-type=\"widget\" data-widget_type=\"text-editor.default\">\n\t\t\t\t<div class=\"elementor-widget-container\">\n\t\t\t\t\t\t\t\t\t<p><em><strong>Kedvezm\u00e9nyezett neve:<\/strong><\/em>\u00a0FOTO REKL\u00c1M\u00dcGYN\u00d6KS\u00c9G Korl\u00e1tolt Felel\u0151ss\u00e9g\u0171 T\u00e1rsas\u00e1g<\/p><p><em><strong>Projekt c\u00edme:<\/strong><\/em> Foglalkoztat\u00e1sb\u0151v\u00edt\u00e9s a FOTO REKL\u00c1M\u00dcGYN\u00d6KS\u00c9G Korl\u00e1tolt Felel\u0151ss\u00e9g\u0171 T\u00e1rsas\u00e1gn\u00e1l<\/p><p><em><strong>Szerz\u0151d\u00f6tt t\u00e1mogat\u00e1s \u00f6sszege:\u00a0<\/strong><\/em>89 964 000 Ft<\/p><p><em><strong>T\u00e1mogat\u00e1s m\u00e9rt\u00e9ke:<\/strong><\/em> 70 %<\/p><p><em><strong>Projekt befejez\u00e9si d\u00e1tuma:<\/strong><\/em> 2022.08.15.<\/p><p><em><strong>Projekt azonos\u00edt\u00f3 sz\u00e1ma:<\/strong><\/em> GINOP-5.3.12-19-2020-00618<\/p><p><em><strong>Projekt le\u00edr\u00e1s:<\/strong>A projekt keret\u00e9ben 15 f\u0151vel k\u00edv\u00e1njuk n\u00f6velni az \u00e1ltalunk foglalkoztatottak sz\u00e1m\u00e1t, amelyhez kapcsol\u00f3d\u00f3an v\u00e9grehajtunk egy nagys\u00e1grendileg nett\u00f3 52 milli\u00f3 forintos t\u00e1rgyi eszk\u00f6z beruh\u00e1z\u00e1st is, amely eredm\u00e9nyek\u00e9nt el\u00e9rj\u00fck azt a kapacit\u00e1sn\u00f6veked\u00e9st, amelyre sz\u00fcks\u00e9g\u00fcnk van a felm\u00e9rt piaci ig\u00e9nyek kiel\u00e9g\u00edt\u00e9s\u00e9re, tov\u00e1bb\u00e1 \u00fczleti terv\u00fcnkben meghat\u00e1rozott c\u00e9lok teljes\u00edt\u00e9s\u00e9hez.<\/em><\/p>\t\t\t\t\t\t\t\t<\/div>\n\t\t\t\t<\/div>\n\t\t\t\t<\/div>\n\t\t<div class=\"elementor-element elementor-element-10422e7 e-con-full e-flex e-con e-child\" data-id=\"10422e7\" data-element_type=\"container\" data-e-type=\"container\">\n\t\t\t\t<\/div>\n\t\t\t\t\t<\/div>\n\t\t\t\t<\/div>\n\t\t\t\t<\/div>","protected":false},"excerpt":{"rendered":"<p>Sz\u00e9chenyi 2020 Kedvezm\u00e9nyezett neve:\u00a0FOTO REKL\u00c1M\u00dcGYN\u00d6KS\u00c9G Korl\u00e1tolt Felel\u0151ss\u00e9g\u0171 T\u00e1rsas\u00e1g Projekt c\u00edme: Foglalkoztat\u00e1sb\u0151v\u00edt\u00e9s a FOTO REKL\u00c1M\u00dcGYN\u00d6KS\u00c9G Korl\u00e1tolt Felel\u0151ss\u00e9g\u0171 T\u00e1rsas\u00e1gn\u00e1l Szerz\u0151d\u00f6tt t\u00e1mogat\u00e1s \u00f6sszege:\u00a089 964 000 Ft T\u00e1mogat\u00e1s m\u00e9rt\u00e9ke: 70 % Projekt befejez\u00e9si d\u00e1tuma: 2022.08.15. Projekt azonos\u00edt\u00f3 sz\u00e1ma: GINOP-5.3.12-19-2020-00618 Projekt le\u00edr\u00e1s:A projekt keret\u00e9ben 15 f\u0151vel k\u00edv\u00e1njuk n\u00f6velni az \u00e1ltalunk foglalkoztatottak sz\u00e1m\u00e1t, amelyhez kapcsol\u00f3d\u00f3an v\u00e9grehajtunk egy nagys\u00e1grendileg nett\u00f3 52 milli\u00f3 [&hellip;]<\/p>\n","protected":false},"author":9,"featured_media":0,"parent":0,"menu_order":0,"comment_status":"closed","ping_status":"closed","template":"","meta":{"inline_featured_image":false,"site-sidebar-layout":"no-sidebar","site-content-layout":"","ast-site-content-layout":"full-width-container","site-content-style":"default","site-sidebar-style":"default","ast-global-header-display":"","ast-banner-title-visibility":"","ast-main-header-display":"","ast-hfb-above-header-display":"","ast-hfb-below-header-display":"","ast-hfb-mobile-header-display":"","site-post-title":"disabled","ast-breadcrumbs-content":"","ast-featured-img":"disabled","footer-sml-layout":"","ast-disable-related-posts":"","theme-transparent-header-meta":"","adv-header-id-meta":"","stick-header-meta":"","header-above-stick-meta":"","header-main-stick-meta":"","header-below-stick-meta":"","astra-migrate-meta-layouts":"default","ast-page-background-enabled":"default","ast-page-background-meta":{"desktop":{"background-color":"var(--ast-global-color-4)","background-image":"","background-repeat":"repeat","background-position":"center center","background-size":"auto","background-attachment":"scroll","background-type":"","background-media":"","overlay-type":"","overlay-color":"","overlay-opacity":"","overlay-gradient":""},"tablet":{"background-color":"","background-image":"","background-repeat":"repeat","background-position":"center center","background-size":"auto","background-attachment":"scroll","background-type":"","background-media":"","overlay-type":"","overlay-color":"","overlay-opacity":"","overlay-gradient":""},"mobile":{"background-color":"","background-image":"","background-repeat":"repeat","background-position":"center center","background-size":"auto","background-attachment":"scroll","background-type":"","background-media":"","overlay-type":"","overlay-color":"","overlay-opacity":"","overlay-gradient":""}},"ast-content-background-meta":{"desktop":{"background-color":"var(--ast-global-color-5)","background-image":"","background-repeat":"repeat","background-position":"center center","background-size":"auto","background-attachment":"scroll","background-type":"","background-media":"","overlay-type":"","overlay-color":"","overlay-opacity":"","overlay-gradient":""},"tablet":{"background-color":"var(--ast-global-color-5)","background-image":"","background-repeat":"repeat","background-position":"center center","background-size":"auto","background-attachment":"scroll","background-type":"","background-media":"","overlay-type":"","overlay-color":"","overlay-opacity":"","overlay-gradient":""},"mobile":{"background-color":"var(--ast-global-color-5)","background-image":"","background-repeat":"repeat","background-position":"center center","background-size":"auto","background-attachment":"scroll","background-type":"","background-media":"","overlay-type":"","overlay-color":"","overlay-opacity":"","overlay-gradient":""}},"footnotes":""},"class_list":["post-2818","page","type-page","status-publish","hentry"],"_links":{"self":[{"href":"https:\/\/fotoreklam.hu\/en\/wp-json\/wp\/v2\/pages\/2818","targetHints":{"allow":["GET"]}}],"collection":[{"href":"https:\/\/fotoreklam.hu\/en\/wp-json\/wp\/v2\/pages"}],"about":[{"href":"https:\/\/fotoreklam.hu\/en\/wp-json\/wp\/v2\/types\/page"}],"author":[{"embeddable":true,"href":"https:\/\/fotoreklam.hu\/en\/wp-json\/wp\/v2\/users\/9"}],"replies":[{"embeddable":true,"href":"https:\/\/fotoreklam.hu\/en\/wp-json\/wp\/v2\/comments?post=2818"}],"version-history":[{"count":4,"href":"https:\/\/fotoreklam.hu\/en\/wp-json\/wp\/v2\/pages\/2818\/revisions"}],"predecessor-version":[{"id":2822,"href":"https:\/\/fotoreklam.hu\/en\/wp-json\/wp\/v2\/pages\/2818\/revisions\/2822"}],"wp:attachment":[{"href":"https:\/\/fotoreklam.hu\/en\/wp-json\/wp\/v2\/media?parent=2818"}],"curies":[{"name":"wp","href":"https:\/\/api.w.org\/{rel}","templated":true}]}}