{"id":2704,"date":"2024-03-14T08:43:26","date_gmt":"2024-03-14T07:43:26","guid":{"rendered":"https:\/\/uj.fotoreklam.hu\/?page_id=2704"},"modified":"2024-12-04T13:13:05","modified_gmt":"2024-12-04T12:13:05","slug":"foto-reklamugynokseg-kft-energiahatekonysag-novelese","status":"publish","type":"page","link":"https:\/\/fotoreklam.hu\/en\/foto-reklamugynokseg-kft-energiahatekonysag-novelese\/","title":{"rendered":"Fot\u00f3 Rekl\u00e1m\u00fcgyn\u00f6ks\u00e9g Kft Energiahat\u00e9konys\u00e1g n\u00f6vel\u00e9se"},"content":{"rendered":"<div data-elementor-type=\"wp-page\" data-elementor-id=\"2704\" class=\"elementor elementor-2704\" data-elementor-post-type=\"page\">\n\t\t\t\t<div class=\"elementor-element elementor-element-4a76a5f e-flex e-con-boxed e-con e-parent\" data-id=\"4a76a5f\" data-element_type=\"container\" data-e-type=\"container\">\n\t\t\t\t\t<div class=\"e-con-inner\">\n\t\t<div class=\"elementor-element elementor-element-e02c1b7 e-con-full e-flex e-con e-child\" data-id=\"e02c1b7\" data-element_type=\"container\" data-e-type=\"container\">\n\t\t\t\t<\/div>\n\t\t<div class=\"elementor-element elementor-element-cf62aac e-con-full e-flex e-con e-child\" data-id=\"cf62aac\" data-element_type=\"container\" data-e-type=\"container\">\n\t\t\t\t<div class=\"elementor-element elementor-element-9788c54 elementor-widget elementor-widget-heading\" data-id=\"9788c54\" data-element_type=\"widget\" data-e-type=\"widget\" data-widget_type=\"heading.default\">\n\t\t\t\t<div class=\"elementor-widget-container\">\n\t\t\t\t\t<h2 class=\"elementor-heading-title elementor-size-default\">Sz\u00e9chenyi 2020<\/h2>\t\t\t\t<\/div>\n\t\t\t\t<\/div>\n\t\t\t\t<div class=\"elementor-element elementor-element-c89ba1c elementor-widget elementor-widget-text-editor\" data-id=\"c89ba1c\" data-element_type=\"widget\" data-e-type=\"widget\" data-widget_type=\"text-editor.default\">\n\t\t\t\t<div class=\"elementor-widget-container\">\n\t\t\t\t\t\t\t\t\t<p><em><strong>Kedvezm\u00e9nyezett neve:<\/strong><\/em>\u00a0FOTO REKL\u00c1M\u00dcGYN\u00d6KS\u00c9G Korl\u00e1tolt Felel\u0151ss\u00e9g\u0171 T\u00e1rsas\u00e1g<\/p><p><em><strong>Projekt c\u00edme:<\/strong><\/em>\u00a0\u201eFot\u00f3 Rekl\u00e1m\u00fcgyn\u00f6ks\u00e9g Kft Energiahat\u00e9konys\u00e1g n\u00f6vel\u00e9se\u201d<\/p><p><em><strong>Szerz\u0151d\u00f6tt t\u00e1mogat\u00e1s \u00f6sszege:\u00a0<\/strong><\/em>77 173 814 Ft<\/p><p><em><strong>T\u00e1mogat\u00e1s m\u00e9rt\u00e9ke:<\/strong><\/em>\u00a090 %<\/p><p><em><strong>Projekt befejez\u00e9si d\u00e1tuma:<\/strong><\/em>\u00a02023.06.29.<\/p><p><em><strong>Projekt azonos\u00edt\u00f3 sz\u00e1ma:<\/strong><\/em>\u00a0GINOP-4.1.5-22-2022-00035<\/p><p><em><strong>Projekt le\u00edr\u00e1s:<\/strong><\/em>A t\u00e1mogat\u00e1s t\u00e1rgya a(z) \u201eFot\u00f3 Rekl\u00e1m\u00fcgyn\u00f6ks\u00e9g Kft Energiahat\u00e9konys\u00e1g n\u00f6vel\u00e9se\u201d c\u00edm\u0171, a t\u00e1mogat\u00e1si k\u00e9relemben \u00e9s annak<br \/>mell\u00e9kleteiben r\u00f6gz\u00edtett Projekt elsz\u00e1molhat\u00f3 k\u00f6lts\u00e9geinek az Eur\u00f3pai Region\u00e1lis Fejleszt\u00e9si Alapb\u00f3l \u00e9s hazai k\u00f6zponti k\u00f6lts\u00e9gvet\u00e9si<br \/>el\u0151ir\u00e1nyzatb\u00f3l felt\u00e9telesen vissza nem t\u00e9r\u00edtend\u0151 t\u00e1mogat\u00e1s form\u00e1j\u00e1ban t\u00f6rt\u00e9n\u0151 finansz\u00edroz\u00e1sa.<\/p>\t\t\t\t\t\t\t\t<\/div>\n\t\t\t\t<\/div>\n\t\t\t\t<div class=\"elementor-element elementor-element-851ae22 elementor-align-justify elementor-widget elementor-widget-button\" data-id=\"851ae22\" data-element_type=\"widget\" data-e-type=\"widget\" data-widget_type=\"button.default\">\n\t\t\t\t<div class=\"elementor-widget-container\">\n\t\t\t\t\t\t\t\t\t<div class=\"elementor-button-wrapper\">\n\t\t\t\t\t<a class=\"elementor-button elementor-button-link elementor-size-sm\" href=\"https:\/\/fotoreklam.hu\/wp-content\/uploads\/2024\/03\/tamogatas.pdf\" target=\"_blank\">\n\t\t\t\t\t\t<span class=\"elementor-button-content-wrapper\">\n\t\t\t\t\t\t\t\t\t<span class=\"elementor-button-text\">T\u00e1mogat\u00e1s r\u00e9szletez\u0151 t\u00e1bl\u00e1zat<\/span>\n\t\t\t\t\t<\/span>\n\t\t\t\t\t<\/a>\n\t\t\t\t<\/div>\n\t\t\t\t\t\t\t\t<\/div>\n\t\t\t\t<\/div>\n\t\t\t\t<\/div>\n\t\t<div class=\"elementor-element elementor-element-10422e7 e-con-full e-flex e-con e-child\" data-id=\"10422e7\" data-element_type=\"container\" data-e-type=\"container\">\n\t\t\t\t<\/div>\n\t\t\t\t\t<\/div>\n\t\t\t\t<\/div>\n\t\t<div class=\"elementor-element elementor-element-1ba098f e-flex e-con-boxed e-con e-parent\" data-id=\"1ba098f\" data-element_type=\"container\" data-e-type=\"container\">\n\t\t\t\t\t<div class=\"e-con-inner\">\n\t\t<div class=\"elementor-element elementor-element-9d32fc9 e-con-full e-flex e-con e-child\" data-id=\"9d32fc9\" data-element_type=\"container\" data-e-type=\"container\">\n\t\t\t\t<div class=\"elementor-element elementor-element-9c836bb elementor-widget elementor-widget-image\" data-id=\"9c836bb\" data-element_type=\"widget\" data-e-type=\"widget\" data-widget_type=\"image.default\">\n\t\t\t\t<div class=\"elementor-widget-container\">\n\t\t\t\t\t\t\t\t\t\t\t\t\t\t\t<img fetchpriority=\"high\" decoding=\"async\" width=\"771\" height=\"824\" src=\"https:\/\/fotoreklam.hu\/wp-content\/uploads\/2024\/03\/tam1.jpg\" class=\"attachment-large size-large wp-image-2706\" alt=\"tam1\" srcset=\"https:\/\/fotoreklam.hu\/wp-content\/uploads\/2024\/03\/tam1.jpg 771w, https:\/\/fotoreklam.hu\/wp-content\/uploads\/2024\/03\/tam1-768x821.jpg 768w, https:\/\/fotoreklam.hu\/wp-content\/uploads\/2024\/03\/tam1-11x12.jpg 11w\" sizes=\"(max-width: 771px) 100vw, 771px\" \/>\t\t\t\t\t\t\t\t\t\t\t\t\t\t\t<\/div>\n\t\t\t\t<\/div>\n\t\t\t\t<\/div>\n\t\t<div class=\"elementor-element elementor-element-896b901 e-con-full e-flex e-con e-child\" data-id=\"896b901\" data-element_type=\"container\" data-e-type=\"container\">\n\t\t\t\t<div class=\"elementor-element elementor-element-697e344 elementor-widget elementor-widget-image\" data-id=\"697e344\" data-element_type=\"widget\" data-e-type=\"widget\" data-widget_type=\"image.default\">\n\t\t\t\t<div class=\"elementor-widget-container\">\n\t\t\t\t\t\t\t\t\t\t\t\t\t\t\t<img decoding=\"async\" width=\"856\" height=\"1024\" src=\"https:\/\/fotoreklam.hu\/wp-content\/uploads\/2024\/03\/infoblokk3-856x1024-1.jpg\" class=\"attachment-large size-large wp-image-2705\" alt=\"infoblokk3 856x1024\" srcset=\"https:\/\/fotoreklam.hu\/wp-content\/uploads\/2024\/03\/infoblokk3-856x1024-1.jpg 856w, https:\/\/fotoreklam.hu\/wp-content\/uploads\/2024\/03\/infoblokk3-856x1024-1-768x919.jpg 768w, https:\/\/fotoreklam.hu\/wp-content\/uploads\/2024\/03\/infoblokk3-856x1024-1-10x12.jpg 10w, https:\/\/fotoreklam.hu\/wp-content\/uploads\/2024\/03\/infoblokk3-856x1024-1-800x957.jpg 800w\" sizes=\"(max-width: 856px) 100vw, 856px\" \/>\t\t\t\t\t\t\t\t\t\t\t\t\t\t\t<\/div>\n\t\t\t\t<\/div>\n\t\t\t\t<\/div>\n\t\t\t\t\t<\/div>\n\t\t\t\t<\/div>\n\t\t\t\t<\/div>","protected":false},"excerpt":{"rendered":"<p>Sz\u00e9chenyi 2020 Kedvezm\u00e9nyezett neve:\u00a0FOTO REKL\u00c1M\u00dcGYN\u00d6KS\u00c9G Korl\u00e1tolt Felel\u0151ss\u00e9g\u0171 T\u00e1rsas\u00e1g Projekt c\u00edme:\u00a0\u201eFot\u00f3 Rekl\u00e1m\u00fcgyn\u00f6ks\u00e9g Kft Energiahat\u00e9konys\u00e1g n\u00f6vel\u00e9se\u201d Szerz\u0151d\u00f6tt t\u00e1mogat\u00e1s \u00f6sszege:\u00a077 173 814 Ft T\u00e1mogat\u00e1s m\u00e9rt\u00e9ke:\u00a090 % Projekt befejez\u00e9si d\u00e1tuma:\u00a02023.06.29. Projekt azonos\u00edt\u00f3 sz\u00e1ma:\u00a0GINOP-4.1.5-22-2022-00035 Projekt le\u00edr\u00e1s:A t\u00e1mogat\u00e1s t\u00e1rgya a(z) \u201eFot\u00f3 Rekl\u00e1m\u00fcgyn\u00f6ks\u00e9g Kft Energiahat\u00e9konys\u00e1g n\u00f6vel\u00e9se\u201d c\u00edm\u0171, a t\u00e1mogat\u00e1si k\u00e9relemben \u00e9s annakmell\u00e9kleteiben r\u00f6gz\u00edtett Projekt elsz\u00e1molhat\u00f3 k\u00f6lts\u00e9geinek az Eur\u00f3pai Region\u00e1lis Fejleszt\u00e9si Alapb\u00f3l \u00e9s [&hellip;]<\/p>\n","protected":false},"author":1,"featured_media":0,"parent":0,"menu_order":0,"comment_status":"closed","ping_status":"closed","template":"","meta":{"inline_featured_image":false,"site-sidebar-layout":"no-sidebar","site-content-layout":"","ast-site-content-layout":"full-width-container","site-content-style":"default","site-sidebar-style":"default","ast-global-header-display":"","ast-banner-title-visibility":"","ast-main-header-display":"","ast-hfb-above-header-display":"","ast-hfb-below-header-display":"","ast-hfb-mobile-header-display":"","site-post-title":"disabled","ast-breadcrumbs-content":"","ast-featured-img":"disabled","footer-sml-layout":"","ast-disable-related-posts":"","theme-transparent-header-meta":"","adv-header-id-meta":"","stick-header-meta":"","header-above-stick-meta":"","header-main-stick-meta":"","header-below-stick-meta":"","astra-migrate-meta-layouts":"default","ast-page-background-enabled":"default","ast-page-background-meta":{"desktop":{"background-color":"var(--ast-global-color-4)","background-image":"","background-repeat":"repeat","background-position":"center center","background-size":"auto","background-attachment":"scroll","background-type":"","background-media":"","overlay-type":"","overlay-color":"","overlay-opacity":"","overlay-gradient":""},"tablet":{"background-color":"","background-image":"","background-repeat":"repeat","background-position":"center center","background-size":"auto","background-attachment":"scroll","background-type":"","background-media":"","overlay-type":"","overlay-color":"","overlay-opacity":"","overlay-gradient":""},"mobile":{"background-color":"","background-image":"","background-repeat":"repeat","background-position":"center center","background-size":"auto","background-attachment":"scroll","background-type":"","background-media":"","overlay-type":"","overlay-color":"","overlay-opacity":"","overlay-gradient":""}},"ast-content-background-meta":{"desktop":{"background-color":"var(--ast-global-color-5)","background-image":"","background-repeat":"repeat","background-position":"center center","background-size":"auto","background-attachment":"scroll","background-type":"","background-media":"","overlay-type":"","overlay-color":"","overlay-opacity":"","overlay-gradient":""},"tablet":{"background-color":"var(--ast-global-color-5)","background-image":"","background-repeat":"repeat","background-position":"center center","background-size":"auto","background-attachment":"scroll","background-type":"","background-media":"","overlay-type":"","overlay-color":"","overlay-opacity":"","overlay-gradient":""},"mobile":{"background-color":"var(--ast-global-color-5)","background-image":"","background-repeat":"repeat","background-position":"center center","background-size":"auto","background-attachment":"scroll","background-type":"","background-media":"","overlay-type":"","overlay-color":"","overlay-opacity":"","overlay-gradient":""}},"footnotes":""},"class_list":["post-2704","page","type-page","status-publish","hentry"],"_links":{"self":[{"href":"https:\/\/fotoreklam.hu\/en\/wp-json\/wp\/v2\/pages\/2704","targetHints":{"allow":["GET"]}}],"collection":[{"href":"https:\/\/fotoreklam.hu\/en\/wp-json\/wp\/v2\/pages"}],"about":[{"href":"https:\/\/fotoreklam.hu\/en\/wp-json\/wp\/v2\/types\/page"}],"author":[{"embeddable":true,"href":"https:\/\/fotoreklam.hu\/en\/wp-json\/wp\/v2\/users\/1"}],"replies":[{"embeddable":true,"href":"https:\/\/fotoreklam.hu\/en\/wp-json\/wp\/v2\/comments?post=2704"}],"version-history":[{"count":18,"href":"https:\/\/fotoreklam.hu\/en\/wp-json\/wp\/v2\/pages\/2704\/revisions"}],"predecessor-version":[{"id":2827,"href":"https:\/\/fotoreklam.hu\/en\/wp-json\/wp\/v2\/pages\/2704\/revisions\/2827"}],"wp:attachment":[{"href":"https:\/\/fotoreklam.hu\/en\/wp-json\/wp\/v2\/media?parent=2704"}],"curies":[{"name":"wp","href":"https:\/\/api.w.org\/{rel}","templated":true}]}}